{"id":149,"date":"2025-09-27T17:46:08","date_gmt":"2025-09-27T15:46:08","guid":{"rendered":"https:\/\/melodiedomova.cz\/?page_id=149"},"modified":"2025-09-27T18:24:57","modified_gmt":"2025-09-27T16:24:57","slug":"zasady-ochrany-osobnich-udaju","status":"publish","type":"page","link":"https:\/\/melodiedomova.cz\/?page_id=149","title":{"rendered":"Z\u00e1sady ochrany osobn\u00edch \u00fadaj\u016f"},"content":{"rendered":"\n<p><strong>Z\u00e1sady ochrany osobn\u00edch \u00fadaj\u016f<\/strong><\/p>\n\n\n\n<p><strong>I.<\/strong><\/p>\n\n\n\n<p><strong>Z\u00e1kladn\u00ed ustanoven\u00ed<\/strong><\/p>\n\n\n\n<ol class=\"wp-block-list\">\n<li>Spr\u00e1vcem osobn\u00edch \u00fadaj\u016f podle \u010dl. 4 bod 7 na\u0159\u00edzen\u00ed Evropsk\u00e9ho parlamentu a Rady (EU) 2016\/679 o ochran\u011b fyzick\u00fdch osob v souvislosti se zpracov\u00e1n\u00edm osobn\u00edch \u00fadaj\u016f a o voln\u00e9m pohybu t\u011bchto \u00fadaj\u016f (d\u00e1le jen: \u201e<strong>GDPR<\/strong>\u201d) je Zuzana \u010cuhani\u010dov\u00e1, I\u010cO: 22225137, se s\u00eddlem v\u00a0\u010cR a provozuj\u00edc\u00ed str\u00e1nky <a href=\"http:\/\/www.melodiedomova.cz\">http:\/\/www.melodiedomova.cz<\/a>  (d\u00e1le jen: \u201e<strong>spr\u00e1vce<\/strong>\u201c).<\/li>\n\n\n\n<li>Kontaktn\u00ed \u00fadaje spr\u00e1vce jsou<\/li>\n<\/ol>\n\n\n\n<ul class=\"wp-block-list\">\n<li>adresa: Sportovn\u00ed 179, Pchery, 273 08<\/li>\n\n\n\n<li>email: melodiedomova@post.cz<\/li>\n\n\n\n<li>telefon: 733741255<\/li>\n<\/ul>\n\n\n\n<p>    3. Osobn\u00edmi \u00fadaji se rozum\u00ed:<\/p>\n\n\n\n<ul class=\"wp-block-list\">\n<li>Identifika\u010dn\u00ed a kontaktn\u00ed \u00fadaje: jm\u00e9no, p\u0159\u00edjmen\u00ed, e-mail, telefon, adresa, I\u010cO (v p\u0159\u00edpad\u011b podnikaj\u00edc\u00edch fyzick\u00fdch osob);<\/li>\n\n\n\n<li>Faktura\u010dn\u00ed \u00fadaje: \u00fadaje pot\u0159ebn\u00e9 k vystaven\u00ed faktury a zaji\u0161t\u011bn\u00ed \u00fa\u010detn\u00edch povinnost\u00ed (nap\u0159. \u010d\u00edslo \u00fa\u010dtu, informace o platb\u011b);<\/li>\n\n\n\n<li>\u00dadaje o smluvn\u00edm vztahu: informace o zakoupen\u00fdch webin\u00e1\u0159\u00edch, historie objedn\u00e1vek, komunikace se z\u00e1kazn\u00edkem;<\/li>\n\n\n\n<li>Elektronick\u00e9 \u00fadaje: IP adresa, cookies a technick\u00e9 identifik\u00e1tory souvisej\u00edc\u00ed s n\u00e1v\u0161t\u011bvou webu;<\/li>\n\n\n\n<li>\u00dadaje pro marketingov\u00e9 \u00fa\u010dely: e-mailov\u00e1 adresa nebo telefon, pokud jste ud\u011blili souhlas k zas\u00edl\u00e1n\u00ed obchodn\u00edch sd\u011blen\u00ed.<\/li>\n<\/ul>\n\n\n\n<p>     3. Spr\u00e1vce nejmenoval pov\u011b\u0159ence pro ochranu osobn\u00edch \u00fadaj\u016f.<\/p>\n\n\n\n<p><strong>II.<\/strong><\/p>\n\n\n\n<p><strong>Zdroje a kategorie zpracov\u00e1van\u00fdch osobn\u00edch \u00fadaj\u016f<\/strong><\/p>\n\n\n\n<ol class=\"wp-block-list\">\n<li>Spr\u00e1vce zpracov\u00e1v\u00e1 osobn\u00ed \u00fadaje, kter\u00e9 jste mu poskytl\/a nebo osobn\u00ed \u00fadaje, kter\u00e9 spr\u00e1vce z\u00edskal na z\u00e1klad\u011b pln\u011bn\u00ed Va\u0161\u00ed objedn\u00e1vky.<\/li>\n\n\n\n<li>Spr\u00e1vce zpracov\u00e1v\u00e1 Va\u0161e identifika\u010dn\u00ed a kontaktn\u00ed \u00fadaje a \u00fadaje nezbytn\u00e9 pro pln\u011bn\u00ed smlouvy.<\/li>\n<\/ol>\n\n\n\n<p><strong>III.<\/strong><\/p>\n\n\n\n<p><strong>Z\u00e1konn\u00fd d\u016fvod a \u00fa\u010del zpracov\u00e1n\u00ed osobn\u00edch \u00fadaj\u016f<\/strong><\/p>\n\n\n\n<ol class=\"wp-block-list\">\n<li>Z\u00e1konn\u00fdm d\u016fvodem zpracov\u00e1n\u00ed osobn\u00edch \u00fadaj\u016f je\n<ul class=\"wp-block-list\">\n<li>pln\u011bn\u00ed smlouvy mezi V\u00e1mi a&nbsp;spr\u00e1vcem podle \u010dl. 6 odst. 1 p\u00edsm. b) GDPR,<\/li>\n\n\n\n<li>opr\u00e1vn\u011bn\u00fd z\u00e1jem spr\u00e1vce na poskytov\u00e1n\u00ed p\u0159\u00edm\u00e9ho marketingu (zejm\u00e9na pro zas\u00edl\u00e1n\u00ed obchodn\u00edch sd\u011blen\u00ed a newsletter\u016f) podle \u010dl. 6 odst. 1 p\u00edsm. f) GDPR,<\/li>\n\n\n\n<li>V\u00e1\u0161 souhlas se zpracov\u00e1n\u00edm pro \u00fa\u010dely poskytov\u00e1n\u00ed p\u0159\u00edm\u00e9ho marketingu (zejm\u00e9na pro zas\u00edl\u00e1n\u00ed obchodn\u00edch sd\u011blen\u00ed a newsletter\u016f) podle \u010dl. 6 odst. 1 p\u00edsm. a) GDPR ve spojen\u00ed s \u00a7 7 odst. 2 z\u00e1kona \u010d. 480\/2004 Sb., o n\u011bkter\u00fdch slu\u017eb\u00e1ch informa\u010dn\u00ed spole\u010dnosti v&nbsp;p\u0159\u00edpad\u011b, \u017ee nedo\u0161lo k&nbsp;objedn\u00e1vce zbo\u017e\u00ed nebo slu\u017eby.<\/li>\n<\/ul>\n<\/li>\n\n\n\n<li>\u00da\u010delem zpracov\u00e1n\u00ed osobn\u00edch \u00fadaj\u016f je\n<ul class=\"wp-block-list\">\n<li>vy\u0159\u00edzen\u00ed Va\u0161\u00ed objedn\u00e1vky a v\u00fdkon pr\u00e1v a povinnost\u00ed vypl\u00fdvaj\u00edc\u00edch ze smluvn\u00edho vztahu mezi V\u00e1mi a spr\u00e1vcem; p\u0159i objedn\u00e1vce jsou vy\u017eadov\u00e1ny osobn\u00ed \u00fadaje, kter\u00e9 jsou nutn\u00e9 pro \u00fasp\u011b\u0161n\u00e9 vy\u0159\u00edzen\u00ed objedn\u00e1vky (jm\u00e9no a adresa, kontakt), poskytnut\u00ed osobn\u00edch \u00fadaj\u016f je nutn\u00fdm po\u017eadavkem pro uzav\u0159en\u00ed a pln\u011bn\u00ed smlouvy, bez poskytnut\u00ed osobn\u00edch \u00fadaj\u016f nen\u00ed mo\u017en\u00e9 smlouvu uzav\u0159\u00edt \u010di j\u00ed ze strany spr\u00e1vce plnit,<\/li>\n\n\n\n<li>zas\u00edl\u00e1n\u00ed obchodn\u00edch sd\u011blen\u00ed a \u010din\u011bn\u00ed dal\u0161\u00edch marketingov\u00fdch aktivit.<\/li>\n<\/ul>\n<\/li>\n\n\n\n<li>Ze strany spr\u00e1vce nedoch\u00e1z\u00ed k&nbsp;automatick\u00e9mu individu\u00e1ln\u00edmu rozhodov\u00e1n\u00ed ve&nbsp;smyslu \u010dl. 22 GDPR. S&nbsp;takov\u00fdm zpracov\u00e1n\u00edm jste poskytl\/a sv\u016fj v\u00fdslovn\u00fd souhlas.<\/li>\n<\/ol>\n\n\n\n<p><strong>IV.<\/strong><\/p>\n\n\n\n<p><strong>Doba uchov\u00e1v\u00e1n\u00ed \u00fadaj\u016f<\/strong><\/p>\n\n\n\n<ol class=\"wp-block-list\">\n<li>Spr\u00e1vce uchov\u00e1v\u00e1 osobn\u00ed \u00fadaje<\/li>\n\n\n\n<li>po dobu nezbytnou k v\u00fdkonu pr\u00e1v a povinnost\u00ed vypl\u00fdvaj\u00edc\u00edch ze smluvn\u00edho vztahu mezi V\u00e1mi a spr\u00e1vcem a uplat\u0148ov\u00e1n\u00ed n\u00e1rok\u016f z t\u011bchto smluvn\u00edch vztah\u016f (po dobu 15 let od ukon\u010den\u00ed smluvn\u00edho vztahu).<\/li>\n\n\n\n<li>po dobu, ne\u017e je odvol\u00e1n souhlas se zpracov\u00e1n\u00edm osobn\u00edch \u00fadaj\u016f pro \u00fa\u010dely marketingu, nejd\u00e9le 5 let, jsou-li osobn\u00ed \u00fadaje zpracov\u00e1v\u00e1ny na z\u00e1klad\u011b souhlasu.<\/li>\n\n\n\n<li>Po uplynut\u00ed doby uchov\u00e1v\u00e1n\u00ed osobn\u00edch \u00fadaj\u016f spr\u00e1vce osobn\u00ed \u00fadaje vyma\u017ee.<\/li>\n<\/ol>\n\n\n\n<p><strong>V.<\/strong><\/p>\n\n\n\n<p><strong>P\u0159\u00edjemci osobn\u00edch \u00fadaj\u016f (subdodavatel\u00e9 spr\u00e1vce)<\/strong><\/p>\n\n\n\n<ol class=\"wp-block-list\">\n<li>P\u0159\u00edjemci osobn\u00edch \u00fadaj\u016f jsou osoby<\/li>\n\n\n\n<li>pod\u00edlej\u00edc\u00ed se na dod\u00e1n\u00ed zbo\u017e\u00ed \/ slu\u017eeb \/ realizaci plateb na z\u00e1klad\u011b smlouvy,<\/li>\n\n\n\n<li>zaji\u0161\u0165uj\u00edc\u00ed slu\u017eby provozov\u00e1n\u00ed e-shopu a dal\u0161\u00ed slu\u017eby v&nbsp;souvislosti s&nbsp;provozov\u00e1n\u00edm e-shopu,<\/li>\n\n\n\n<li>zaji\u0161\u0165uj\u00edc\u00ed marketingov\u00e9 slu\u017eby.<\/li>\n\n\n\n<li>Spr\u00e1vce nem\u00e1 v \u00famyslu p\u0159edat osobn\u00ed \u00fadaje do t\u0159et\u00ed zem\u011b (do zem\u011b mimo EU) nebo mezin\u00e1rodn\u00ed organizaci. P\u0159\u00edjemci osobn\u00edch \u00fadaj\u016f ve t\u0159et\u00edch zem\u00edch jsou poskytovatel\u00e9 mailingov\u00fdch slu\u017eeb \/ cloudov\u00fdch slu\u017eeb.<\/li>\n<\/ol>\n\n\n\n<p><strong>VI.<\/strong><\/p>\n\n\n\n<p><strong>Va\u0161e pr\u00e1va<\/strong><\/p>\n\n\n\n<ol class=\"wp-block-list\">\n<li>Za podm\u00ednek stanoven\u00fdch v&nbsp;GDPR m\u00e1te<\/li>\n\n\n\n<li>pr\u00e1vo na p\u0159\u00edstup ke sv\u00fdm osobn\u00edm \u00fadaj\u016fm dle \u010dl. 15 GDPR,<\/li>\n\n\n\n<li>pr\u00e1vo opravu osobn\u00edch \u00fadaj\u016f dle \u010dl. 16 GDPR, pop\u0159\u00edpad\u011b omezen\u00ed zpracov\u00e1n\u00ed dle \u010dl. 18 GDPR.<\/li>\n\n\n\n<li>pr\u00e1vo na v\u00fdmaz osobn\u00edch \u00fadaj\u016f dle \u010dl. 17 GDPR.<\/li>\n\n\n\n<li>pr\u00e1vo vzn\u00e9st n\u00e1mitku proti zpracov\u00e1n\u00ed dle \u010dl. 21 GDPR a<\/li>\n\n\n\n<li>pr\u00e1vo na p\u0159enositelnost \u00fadaj\u016f dle \u010dl. 20 GDPR.<\/li>\n\n\n\n<li>pr\u00e1vo odvolat souhlas se zpracov\u00e1n\u00edm p\u00edsemn\u011b nebo elektronicky na adresu nebo email spr\u00e1vce uveden\u00fd v&nbsp;\u010dl. III t\u011bchto podm\u00ednek.<\/li>\n\n\n\n<li>D\u00e1le m\u00e1te pr\u00e1vo podat st\u00ed\u017enost u \u00da\u0159adu pro ochranu osobn\u00edch \u00fadaj\u016f v p\u0159\u00edpad\u011b, \u017ee se domn\u00edv\u00e1te, \u017ee bylo poru\u0161eno Va\u0161\u00ed pr\u00e1vo na ochranu osobn\u00edch \u00fadaj\u016f.<\/li>\n<\/ol>\n\n\n\n<p><strong>VII.<\/strong><\/p>\n\n\n\n<p><strong>Podm\u00ednky zabezpe\u010den\u00ed osobn\u00edch \u00fadaj\u016f<\/strong><\/p>\n\n\n\n<ol class=\"wp-block-list\">\n<li>Spr\u00e1vce prohla\u0161uje, \u017ee p\u0159ijal ve\u0161ker\u00e1 vhodn\u00e1 technick\u00e1 a organiza\u010dn\u00ed opat\u0159en\u00ed k&nbsp;zabezpe\u010den\u00ed osobn\u00edch \u00fadaj\u016f.<\/li>\n\n\n\n<li>Spr\u00e1vce p\u0159ijal technick\u00e1 opat\u0159en\u00ed k&nbsp;zabezpe\u010den\u00ed datov\u00fdch \u00falo\u017ei\u0161\u0165 a \u00falo\u017ei\u0161\u0165 osobn\u00edch \u00fadaj\u016f v&nbsp;listinn\u00e9 podob\u011b, zejm\u00e9na pou\u017eit\u00ed antivirov\u00fdch program\u016f.<\/li>\n\n\n\n<li>Spr\u00e1vce prohla\u0161uje, \u017ee k&nbsp;osobn\u00edm \u00fadaj\u016fm maj\u00ed p\u0159\u00edstup pouze j\u00edm pov\u011b\u0159en\u00e9 osoby.<\/li>\n<\/ol>\n\n\n\n<p><strong>VIII.<\/strong><\/p>\n\n\n\n<p><strong>Z\u00e1v\u011bre\u010dn\u00e1 ustanoven\u00ed<\/strong><\/p>\n\n\n\n<ol class=\"wp-block-list\">\n<li>Odesl\u00e1n\u00edm objedn\u00e1vky z internetov\u00e9ho objedn\u00e1vkov\u00e9ho formul\u00e1\u0159e potvrzujete, \u017ee jste sezn\u00e1men\/a s podm\u00ednkami ochrany osobn\u00edch \u00fadaj\u016f a \u017ee je v cel\u00e9m rozsahu p\u0159ij\u00edm\u00e1te.<\/li>\n\n\n\n<li>S&nbsp;t\u011bmito podm\u00ednkami souhlas\u00edte za\u0161krtnut\u00edm souhlasu prost\u0159ednictv\u00edm internetov\u00e9ho formul\u00e1\u0159e. Za\u0161krtnut\u00edm souhlasu potvrzujete, \u017ee jste sezn\u00e1men\/a s podm\u00ednkami ochrany osobn\u00edch \u00fadaj\u016f a \u017ee je v cel\u00e9m rozsahu p\u0159ij\u00edm\u00e1te.<\/li>\n\n\n\n<li>Spr\u00e1vce je opr\u00e1vn\u011bn tyto podm\u00ednky zm\u011bnit. Novou verzi podm\u00ednek ochrany osobn\u00edch \u00fadaj\u016f zve\u0159ejn\u00ed na sv\u00fdch internetov\u00fdch str\u00e1nk\u00e1ch, p\u0159\u00edpadn\u011b V\u00e1m za\u0161le novou verzi t\u011bchto podm\u00ednek na e-mailovou adresu, kterou jste spr\u00e1vci poskytl\/a.<\/li>\n<\/ol>\n\n\n\n<p>Tyto podm\u00ednky nab\u00fdvaj\u00ed \u00fa\u010dinnosti dnem 27.09.2025.<\/p>\n\n\n\n<p><a id=\"_msocom_1\"><\/a><\/p>\n\n\n\n<p><\/p>\n","protected":false},"excerpt":{"rendered":"<p>Z\u00e1sady ochrany osobn\u00edch \u00fadaj\u016f I. Z\u00e1kladn\u00ed ustanoven\u00ed 3. Osobn\u00edmi \u00fadaji se rozum\u00ed: 3. Spr\u00e1vce nejmenoval pov\u011b\u0159ence pro ochranu osobn\u00edch \u00fadaj\u016f. II. Zdroje a kategorie zpracov\u00e1van\u00fdch &hellip; <\/p>\n","protected":false},"author":2,"featured_media":0,"parent":0,"menu_order":0,"comment_status":"closed","ping_status":"closed","template":"","meta":{"_uag_custom_page_level_css":"","footnotes":""},"class_list":["post-149","page","type-page","status-publish","hentry"],"featured_image_src":"","featured_image_src_square":false,"rbea_author_info":{"display_name":"Zuzana \u010cuhani\u010dov\u00e1","author_link":"https:\/\/melodiedomova.cz\/?author=2"},"rbea_excerpt_info":"Z\u00e1sady ochrany osobn\u00edch \u00fadaj\u016f I. Z\u00e1kladn\u00ed ustanoven\u00ed 3. Osobn\u00edmi \u00fadaji se rozum\u00ed: 3. Spr\u00e1vce nejmenoval pov\u011b\u0159ence pro ochranu osobn\u00edch \u00fadaj\u016f. II. Zdroje a kategorie zpracov\u00e1van\u00fdch &hellip; ","uagb_featured_image_src":{"full":false,"thumbnail":false,"medium":false,"medium_large":false,"large":false,"post-slider-thumb-size":false,"post-category-slider-size":false,"1536x1536":false,"2048x2048":false,"vilva-slider-one":false,"vilva-featured-four":false,"vilva-blog":false,"vilva-blog-one":false,"vilva-sidebar":false,"mailpoet_newsletter_max":false,"woocommerce_thumbnail":false,"woocommerce_single":false,"woocommerce_gallery_thumbnail":false},"uagb_author_info":{"display_name":"Zuzana \u010cuhani\u010dov\u00e1","author_link":"https:\/\/melodiedomova.cz\/?author=2"},"uagb_comment_info":0,"uagb_excerpt":"Z\u00e1sady ochrany osobn\u00edch \u00fadaj\u016f I. Z\u00e1kladn\u00ed ustanoven\u00ed 3. Osobn\u00edmi \u00fadaji se rozum\u00ed: 3. Spr\u00e1vce nejmenoval pov\u011b\u0159ence pro ochranu osobn\u00edch \u00fadaj\u016f. II. Zdroje a kategorie zpracov\u00e1van\u00fdch &hellip;","jetpack_sharing_enabled":true,"_links":{"self":[{"href":"https:\/\/melodiedomova.cz\/index.php?rest_route=\/wp\/v2\/pages\/149","targetHints":{"allow":["GET"]}}],"collection":[{"href":"https:\/\/melodiedomova.cz\/index.php?rest_route=\/wp\/v2\/pages"}],"about":[{"href":"https:\/\/melodiedomova.cz\/index.php?rest_route=\/wp\/v2\/types\/page"}],"author":[{"embeddable":true,"href":"https:\/\/melodiedomova.cz\/index.php?rest_route=\/wp\/v2\/users\/2"}],"replies":[{"embeddable":true,"href":"https:\/\/melodiedomova.cz\/index.php?rest_route=%2Fwp%2Fv2%2Fcomments&post=149"}],"version-history":[{"count":5,"href":"https:\/\/melodiedomova.cz\/index.php?rest_route=\/wp\/v2\/pages\/149\/revisions"}],"predecessor-version":[{"id":159,"href":"https:\/\/melodiedomova.cz\/index.php?rest_route=\/wp\/v2\/pages\/149\/revisions\/159"}],"wp:attachment":[{"href":"https:\/\/melodiedomova.cz\/index.php?rest_route=%2Fwp%2Fv2%2Fmedia&parent=149"}],"curies":[{"name":"wp","href":"https:\/\/api.w.org\/{rel}","templated":true}]}}