{"id":661,"date":"2025-10-20T09:58:14","date_gmt":"2025-10-20T07:58:14","guid":{"rendered":"https:\/\/melodiedomova.cz\/?page_id=661"},"modified":"2025-10-22T19:57:11","modified_gmt":"2025-10-22T17:57:11","slug":"naladeni-se","status":"publish","type":"page","link":"https:\/\/melodiedomova.cz\/?page_id=661","title":{"rendered":"Nalad\u011bn\u00ed jednotliv\u00e9 m\u011bs\u00edce"},"content":{"rendered":"<div class=\"wp-block-image\">\n<figure class=\"aligncenter size-full is-resized\"><img loading=\"lazy\" decoding=\"async\" width=\"2295\" height=\"626\" src=\"https:\/\/melodiedomova.cz\/wp-content\/uploads\/2025\/10\/PODZIM5.jpg\" alt=\"\" class=\"wp-image-812\" style=\"width:400px\" srcset=\"https:\/\/melodiedomova.cz\/wp-content\/uploads\/2025\/10\/PODZIM5.jpg 2295w, https:\/\/melodiedomova.cz\/wp-content\/uploads\/2025\/10\/PODZIM5-800x218.jpg 800w, https:\/\/melodiedomova.cz\/wp-content\/uploads\/2025\/10\/PODZIM5-300x82.jpg 300w, https:\/\/melodiedomova.cz\/wp-content\/uploads\/2025\/10\/PODZIM5-500x136.jpg 500w, https:\/\/melodiedomova.cz\/wp-content\/uploads\/2025\/10\/PODZIM5-768x209.jpg 768w, https:\/\/melodiedomova.cz\/wp-content\/uploads\/2025\/10\/PODZIM5-1536x419.jpg 1536w, https:\/\/melodiedomova.cz\/wp-content\/uploads\/2025\/10\/PODZIM5-2048x559.jpg 2048w, https:\/\/melodiedomova.cz\/wp-content\/uploads\/2025\/10\/PODZIM5-1320x360.jpg 1320w\" sizes=\"auto, (max-width: 2295px) 100vw, 2295px\" \/><\/figure><\/div>\n\n\n<div style=\"height:69px\" aria-hidden=\"true\" class=\"wp-block-spacer\"><\/div>\n\n\n\n<figure class=\"wp-block-gallery alignwide has-nested-images columns-6 is-cropped wp-block-gallery-1 is-layout-flex wp-block-gallery-is-layout-flex\">\n<figure class=\"wp-block-image size-full hvr-shrink\"><a href=\"https:\/\/melodiedomova.cz\/?page_id=432\"><img loading=\"lazy\" decoding=\"async\" width=\"2048\" height=\"2560\" data-id=\"795\" src=\"https:\/\/melodiedomova.cz\/wp-content\/uploads\/2025\/10\/2-11-scaled.jpg\" alt=\"\" class=\"wp-image-795\" srcset=\"https:\/\/melodiedomova.cz\/wp-content\/uploads\/2025\/10\/2-11-scaled.jpg 2048w, https:\/\/melodiedomova.cz\/wp-content\/uploads\/2025\/10\/2-11-scaled-800x1000.jpg 800w, https:\/\/melodiedomova.cz\/wp-content\/uploads\/2025\/10\/2-11-240x300.jpg 240w, https:\/\/melodiedomova.cz\/wp-content\/uploads\/2025\/10\/2-11-400x500.jpg 400w, https:\/\/melodiedomova.cz\/wp-content\/uploads\/2025\/10\/2-11-768x960.jpg 768w, https:\/\/melodiedomova.cz\/wp-content\/uploads\/2025\/10\/2-11-1229x1536.jpg 1229w, https:\/\/melodiedomova.cz\/wp-content\/uploads\/2025\/10\/2-11-1638x2048.jpg 1638w, https:\/\/melodiedomova.cz\/wp-content\/uploads\/2025\/10\/2-11-1320x1650.jpg 1320w\" sizes=\"auto, (max-width: 2048px) 100vw, 2048px\" \/><\/a><\/figure>\n\n\n\n<figure class=\"wp-block-image size-full hvr-shrink\"><a href=\"https:\/\/melodiedomova.cz\/?page_id=435\"><img loading=\"lazy\" decoding=\"async\" width=\"2048\" height=\"2560\" data-id=\"798\" src=\"https:\/\/melodiedomova.cz\/wp-content\/uploads\/2025\/10\/18-2-scaled.jpg\" alt=\"\" class=\"wp-image-798\" srcset=\"https:\/\/melodiedomova.cz\/wp-content\/uploads\/2025\/10\/18-2-scaled.jpg 2048w, https:\/\/melodiedomova.cz\/wp-content\/uploads\/2025\/10\/18-2-scaled-800x1000.jpg 800w, https:\/\/melodiedomova.cz\/wp-content\/uploads\/2025\/10\/18-2-240x300.jpg 240w, https:\/\/melodiedomova.cz\/wp-content\/uploads\/2025\/10\/18-2-400x500.jpg 400w, https:\/\/melodiedomova.cz\/wp-content\/uploads\/2025\/10\/18-2-768x960.jpg 768w, https:\/\/melodiedomova.cz\/wp-content\/uploads\/2025\/10\/18-2-1229x1536.jpg 1229w, https:\/\/melodiedomova.cz\/wp-content\/uploads\/2025\/10\/18-2-1638x2048.jpg 1638w, https:\/\/melodiedomova.cz\/wp-content\/uploads\/2025\/10\/18-2-1320x1650.jpg 1320w\" sizes=\"auto, (max-width: 2048px) 100vw, 2048px\" \/><\/a><\/figure>\n\n\n\n<figure class=\"wp-block-image size-full hvr-shrink\"><a href=\"https:\/\/melodiedomova.cz\/?page_id=437\"><img loading=\"lazy\" decoding=\"async\" width=\"2048\" height=\"2560\" data-id=\"797\" src=\"https:\/\/melodiedomova.cz\/wp-content\/uploads\/2025\/10\/21-2-scaled.jpg\" alt=\"\" class=\"wp-image-797\" srcset=\"https:\/\/melodiedomova.cz\/wp-content\/uploads\/2025\/10\/21-2-scaled.jpg 2048w, https:\/\/melodiedomova.cz\/wp-content\/uploads\/2025\/10\/21-2-scaled-800x1000.jpg 800w, https:\/\/melodiedomova.cz\/wp-content\/uploads\/2025\/10\/21-2-240x300.jpg 240w, https:\/\/melodiedomova.cz\/wp-content\/uploads\/2025\/10\/21-2-400x500.jpg 400w, https:\/\/melodiedomova.cz\/wp-content\/uploads\/2025\/10\/21-2-768x960.jpg 768w, https:\/\/melodiedomova.cz\/wp-content\/uploads\/2025\/10\/21-2-1229x1536.jpg 1229w, https:\/\/melodiedomova.cz\/wp-content\/uploads\/2025\/10\/21-2-1638x2048.jpg 1638w, https:\/\/melodiedomova.cz\/wp-content\/uploads\/2025\/10\/21-2-1320x1650.jpg 1320w\" sizes=\"auto, (max-width: 2048px) 100vw, 2048px\" \/><\/a><\/figure>\n\n\n\n<figure class=\"wp-block-image size-full hvr-shrink\"><a href=\"https:\/\/melodiedomova.cz\/?page_id=440\"><img loading=\"lazy\" decoding=\"async\" width=\"2048\" height=\"2560\" data-id=\"796\" src=\"https:\/\/melodiedomova.cz\/wp-content\/uploads\/2025\/10\/22-1-scaled.jpg\" alt=\"\" class=\"wp-image-796\" srcset=\"https:\/\/melodiedomova.cz\/wp-content\/uploads\/2025\/10\/22-1-scaled.jpg 2048w, https:\/\/melodiedomova.cz\/wp-content\/uploads\/2025\/10\/22-1-scaled-800x1000.jpg 800w, https:\/\/melodiedomova.cz\/wp-content\/uploads\/2025\/10\/22-1-240x300.jpg 240w, https:\/\/melodiedomova.cz\/wp-content\/uploads\/2025\/10\/22-1-400x500.jpg 400w, https:\/\/melodiedomova.cz\/wp-content\/uploads\/2025\/10\/22-1-768x960.jpg 768w, https:\/\/melodiedomova.cz\/wp-content\/uploads\/2025\/10\/22-1-1229x1536.jpg 1229w, https:\/\/melodiedomova.cz\/wp-content\/uploads\/2025\/10\/22-1-1638x2048.jpg 1638w, https:\/\/melodiedomova.cz\/wp-content\/uploads\/2025\/10\/22-1-1320x1650.jpg 1320w\" sizes=\"auto, (max-width: 2048px) 100vw, 2048px\" \/><\/a><\/figure>\n\n\n\n<figure class=\"wp-block-image size-full hvr-shrink\"><a href=\"https:\/\/melodiedomova.cz\/?page_id=442\"><img loading=\"lazy\" decoding=\"async\" width=\"2048\" height=\"2560\" data-id=\"802\" src=\"https:\/\/melodiedomova.cz\/wp-content\/uploads\/2025\/10\/5-5-scaled.jpg\" alt=\"\" class=\"wp-image-802\" srcset=\"https:\/\/melodiedomova.cz\/wp-content\/uploads\/2025\/10\/5-5-scaled.jpg 2048w, https:\/\/melodiedomova.cz\/wp-content\/uploads\/2025\/10\/5-5-scaled-800x1000.jpg 800w, https:\/\/melodiedomova.cz\/wp-content\/uploads\/2025\/10\/5-5-240x300.jpg 240w, https:\/\/melodiedomova.cz\/wp-content\/uploads\/2025\/10\/5-5-400x500.jpg 400w, https:\/\/melodiedomova.cz\/wp-content\/uploads\/2025\/10\/5-5-768x960.jpg 768w, https:\/\/melodiedomova.cz\/wp-content\/uploads\/2025\/10\/5-5-1229x1536.jpg 1229w, https:\/\/melodiedomova.cz\/wp-content\/uploads\/2025\/10\/5-5-1638x2048.jpg 1638w, https:\/\/melodiedomova.cz\/wp-content\/uploads\/2025\/10\/5-5-1320x1650.jpg 1320w\" sizes=\"auto, (max-width: 2048px) 100vw, 2048px\" \/><\/a><\/figure>\n\n\n\n<figure class=\"wp-block-image size-full hvr-shrink\"><a href=\"https:\/\/melodiedomova.cz\/?page_id=444\"><img loading=\"lazy\" decoding=\"async\" width=\"2048\" height=\"2560\" data-id=\"799\" src=\"https:\/\/melodiedomova.cz\/wp-content\/uploads\/2025\/10\/25-1-scaled.jpg\" alt=\"\" class=\"wp-image-799\" srcset=\"https:\/\/melodiedomova.cz\/wp-content\/uploads\/2025\/10\/25-1-scaled.jpg 2048w, https:\/\/melodiedomova.cz\/wp-content\/uploads\/2025\/10\/25-1-scaled-800x1000.jpg 800w, https:\/\/melodiedomova.cz\/wp-content\/uploads\/2025\/10\/25-1-240x300.jpg 240w, https:\/\/melodiedomova.cz\/wp-content\/uploads\/2025\/10\/25-1-400x500.jpg 400w, https:\/\/melodiedomova.cz\/wp-content\/uploads\/2025\/10\/25-1-768x960.jpg 768w, https:\/\/melodiedomova.cz\/wp-content\/uploads\/2025\/10\/25-1-1229x1536.jpg 1229w, https:\/\/melodiedomova.cz\/wp-content\/uploads\/2025\/10\/25-1-1638x2048.jpg 1638w, https:\/\/melodiedomova.cz\/wp-content\/uploads\/2025\/10\/25-1-1320x1650.jpg 1320w\" sizes=\"auto, (max-width: 2048px) 100vw, 2048px\" \/><\/a><\/figure>\n\n\n\n<figure class=\"wp-block-image size-full hvr-shrink\"><a href=\"https:\/\/melodiedomova.cz\/?page_id=446\"><img loading=\"lazy\" decoding=\"async\" width=\"2048\" height=\"2560\" data-id=\"801\" src=\"https:\/\/melodiedomova.cz\/wp-content\/uploads\/2025\/10\/3-9-scaled.jpg\" alt=\"\" class=\"wp-image-801\" srcset=\"https:\/\/melodiedomova.cz\/wp-content\/uploads\/2025\/10\/3-9-scaled.jpg 2048w, https:\/\/melodiedomova.cz\/wp-content\/uploads\/2025\/10\/3-9-scaled-800x1000.jpg 800w, https:\/\/melodiedomova.cz\/wp-content\/uploads\/2025\/10\/3-9-240x300.jpg 240w, https:\/\/melodiedomova.cz\/wp-content\/uploads\/2025\/10\/3-9-400x500.jpg 400w, https:\/\/melodiedomova.cz\/wp-content\/uploads\/2025\/10\/3-9-768x960.jpg 768w, https:\/\/melodiedomova.cz\/wp-content\/uploads\/2025\/10\/3-9-1229x1536.jpg 1229w, https:\/\/melodiedomova.cz\/wp-content\/uploads\/2025\/10\/3-9-1638x2048.jpg 1638w, https:\/\/melodiedomova.cz\/wp-content\/uploads\/2025\/10\/3-9-1320x1650.jpg 1320w\" sizes=\"auto, (max-width: 2048px) 100vw, 2048px\" \/><\/a><\/figure>\n\n\n\n<figure class=\"wp-block-image size-full hvr-shrink\"><a href=\"https:\/\/melodiedomova.cz\/?page_id=448\"><img loading=\"lazy\" decoding=\"async\" width=\"2048\" height=\"2560\" data-id=\"800\" src=\"https:\/\/melodiedomova.cz\/wp-content\/uploads\/2025\/10\/26-1-scaled.jpg\" alt=\"\" class=\"wp-image-800\" srcset=\"https:\/\/melodiedomova.cz\/wp-content\/uploads\/2025\/10\/26-1-scaled.jpg 2048w, https:\/\/melodiedomova.cz\/wp-content\/uploads\/2025\/10\/26-1-scaled-800x1000.jpg 800w, https:\/\/melodiedomova.cz\/wp-content\/uploads\/2025\/10\/26-1-240x300.jpg 240w, https:\/\/melodiedomova.cz\/wp-content\/uploads\/2025\/10\/26-1-400x500.jpg 400w, https:\/\/melodiedomova.cz\/wp-content\/uploads\/2025\/10\/26-1-768x960.jpg 768w, https:\/\/melodiedomova.cz\/wp-content\/uploads\/2025\/10\/26-1-1229x1536.jpg 1229w, https:\/\/melodiedomova.cz\/wp-content\/uploads\/2025\/10\/26-1-1638x2048.jpg 1638w, https:\/\/melodiedomova.cz\/wp-content\/uploads\/2025\/10\/26-1-1320x1650.jpg 1320w\" sizes=\"auto, (max-width: 2048px) 100vw, 2048px\" \/><\/a><\/figure>\n\n\n\n<figure class=\"wp-block-image size-full hvr-shrink\"><a href=\"https:\/\/melodiedomova.cz\/?page_id=451\"><img loading=\"lazy\" decoding=\"async\" width=\"2048\" height=\"2560\" data-id=\"806\" src=\"https:\/\/melodiedomova.cz\/wp-content\/uploads\/2025\/10\/10-5-scaled.jpg\" alt=\"\" class=\"wp-image-806\" srcset=\"https:\/\/melodiedomova.cz\/wp-content\/uploads\/2025\/10\/10-5-scaled.jpg 2048w, https:\/\/melodiedomova.cz\/wp-content\/uploads\/2025\/10\/10-5-scaled-800x1000.jpg 800w, https:\/\/melodiedomova.cz\/wp-content\/uploads\/2025\/10\/10-5-240x300.jpg 240w, https:\/\/melodiedomova.cz\/wp-content\/uploads\/2025\/10\/10-5-400x500.jpg 400w, https:\/\/melodiedomova.cz\/wp-content\/uploads\/2025\/10\/10-5-768x960.jpg 768w, https:\/\/melodiedomova.cz\/wp-content\/uploads\/2025\/10\/10-5-1229x1536.jpg 1229w, https:\/\/melodiedomova.cz\/wp-content\/uploads\/2025\/10\/10-5-1638x2048.jpg 1638w, https:\/\/melodiedomova.cz\/wp-content\/uploads\/2025\/10\/10-5-1320x1650.jpg 1320w\" sizes=\"auto, (max-width: 2048px) 100vw, 2048px\" \/><\/a><\/figure>\n\n\n\n<figure class=\"wp-block-image size-full hvr-shrink\"><a href=\"https:\/\/melodiedomova.cz\/?page_id=422\"><img loading=\"lazy\" decoding=\"async\" width=\"2048\" height=\"2560\" data-id=\"805\" src=\"https:\/\/melodiedomova.cz\/wp-content\/uploads\/2025\/10\/11-5-scaled.jpg\" alt=\"\" class=\"wp-image-805\" srcset=\"https:\/\/melodiedomova.cz\/wp-content\/uploads\/2025\/10\/11-5-scaled.jpg 2048w, https:\/\/melodiedomova.cz\/wp-content\/uploads\/2025\/10\/11-5-scaled-800x1000.jpg 800w, https:\/\/melodiedomova.cz\/wp-content\/uploads\/2025\/10\/11-5-240x300.jpg 240w, https:\/\/melodiedomova.cz\/wp-content\/uploads\/2025\/10\/11-5-400x500.jpg 400w, https:\/\/melodiedomova.cz\/wp-content\/uploads\/2025\/10\/11-5-768x960.jpg 768w, https:\/\/melodiedomova.cz\/wp-content\/uploads\/2025\/10\/11-5-1229x1536.jpg 1229w, https:\/\/melodiedomova.cz\/wp-content\/uploads\/2025\/10\/11-5-1638x2048.jpg 1638w, https:\/\/melodiedomova.cz\/wp-content\/uploads\/2025\/10\/11-5-1320x1650.jpg 1320w\" sizes=\"auto, (max-width: 2048px) 100vw, 2048px\" \/><\/a><\/figure>\n\n\n\n<figure class=\"wp-block-image size-full hvr-shrink\"><a href=\"https:\/\/melodiedomova.cz\/?page_id=197\"><img loading=\"lazy\" decoding=\"async\" width=\"2048\" height=\"2560\" data-id=\"803\" src=\"https:\/\/melodiedomova.cz\/wp-content\/uploads\/2025\/10\/8-5-scaled.jpg\" alt=\"\" class=\"wp-image-803\" srcset=\"https:\/\/melodiedomova.cz\/wp-content\/uploads\/2025\/10\/8-5-scaled.jpg 2048w, https:\/\/melodiedomova.cz\/wp-content\/uploads\/2025\/10\/8-5-scaled-800x1000.jpg 800w, https:\/\/melodiedomova.cz\/wp-content\/uploads\/2025\/10\/8-5-240x300.jpg 240w, https:\/\/melodiedomova.cz\/wp-content\/uploads\/2025\/10\/8-5-400x500.jpg 400w, https:\/\/melodiedomova.cz\/wp-content\/uploads\/2025\/10\/8-5-768x960.jpg 768w, https:\/\/melodiedomova.cz\/wp-content\/uploads\/2025\/10\/8-5-1229x1536.jpg 1229w, https:\/\/melodiedomova.cz\/wp-content\/uploads\/2025\/10\/8-5-1638x2048.jpg 1638w, https:\/\/melodiedomova.cz\/wp-content\/uploads\/2025\/10\/8-5-1320x1650.jpg 1320w\" sizes=\"auto, (max-width: 2048px) 100vw, 2048px\" \/><\/a><\/figure>\n\n\n\n<figure class=\"wp-block-image size-full hvr-shrink\"><a href=\"https:\/\/melodiedomova.cz\/?page_id=424\"><img loading=\"lazy\" decoding=\"async\" width=\"2048\" height=\"2560\" data-id=\"804\" src=\"https:\/\/melodiedomova.cz\/wp-content\/uploads\/2025\/10\/16-1-scaled.jpg\" alt=\"\" class=\"wp-image-804\" srcset=\"https:\/\/melodiedomova.cz\/wp-content\/uploads\/2025\/10\/16-1-scaled.jpg 2048w, https:\/\/melodiedomova.cz\/wp-content\/uploads\/2025\/10\/16-1-scaled-800x1000.jpg 800w, https:\/\/melodiedomova.cz\/wp-content\/uploads\/2025\/10\/16-1-240x300.jpg 240w, https:\/\/melodiedomova.cz\/wp-content\/uploads\/2025\/10\/16-1-400x500.jpg 400w, https:\/\/melodiedomova.cz\/wp-content\/uploads\/2025\/10\/16-1-768x960.jpg 768w, https:\/\/melodiedomova.cz\/wp-content\/uploads\/2025\/10\/16-1-1229x1536.jpg 1229w, https:\/\/melodiedomova.cz\/wp-content\/uploads\/2025\/10\/16-1-1638x2048.jpg 1638w, https:\/\/melodiedomova.cz\/wp-content\/uploads\/2025\/10\/16-1-1320x1650.jpg 1320w\" sizes=\"auto, (max-width: 2048px) 100vw, 2048px\" \/><\/a><\/figure>\n<\/figure>\n\n\n\n<p><\/p>\n","protected":false},"excerpt":{"rendered":"","protected":false},"author":6,"featured_media":0,"parent":0,"menu_order":0,"comment_status":"closed","ping_status":"closed","template":"","meta":{"_uag_custom_page_level_css":"","footnotes":""},"class_list":["post-661","page","type-page","status-publish","hentry"],"featured_image_src":"","featured_image_src_square":false,"rbea_author_info":{"display_name":"Zuzana \u010cuhani\u010dov\u00e1","author_link":"https:\/\/melodiedomova.cz\/?author=6"},"rbea_excerpt_info":null,"uagb_featured_image_src":{"full":false,"thumbnail":false,"medium":false,"medium_large":false,"large":false,"post-slider-thumb-size":false,"post-category-slider-size":false,"1536x1536":false,"2048x2048":false,"vilva-slider-one":false,"vilva-featured-four":false,"vilva-blog":false,"vilva-blog-one":false,"vilva-sidebar":false,"mailpoet_newsletter_max":false,"woocommerce_thumbnail":false,"woocommerce_single":false,"woocommerce_gallery_thumbnail":false},"uagb_author_info":{"display_name":"Zuzana \u010cuhani\u010dov\u00e1","author_link":"https:\/\/melodiedomova.cz\/?author=6"},"uagb_comment_info":0,"uagb_excerpt":null,"jetpack_sharing_enabled":true,"_links":{"self":[{"href":"https:\/\/melodiedomova.cz\/index.php?rest_route=\/wp\/v2\/pages\/661","targetHints":{"allow":["GET"]}}],"collection":[{"href":"https:\/\/melodiedomova.cz\/index.php?rest_route=\/wp\/v2\/pages"}],"about":[{"href":"https:\/\/melodiedomova.cz\/index.php?rest_route=\/wp\/v2\/types\/page"}],"author":[{"embeddable":true,"href":"https:\/\/melodiedomova.cz\/index.php?rest_route=\/wp\/v2\/users\/6"}],"replies":[{"embeddable":true,"href":"https:\/\/melodiedomova.cz\/index.php?rest_route=%2Fwp%2Fv2%2Fcomments&post=661"}],"version-history":[{"count":6,"href":"https:\/\/melodiedomova.cz\/index.php?rest_route=\/wp\/v2\/pages\/661\/revisions"}],"predecessor-version":[{"id":866,"href":"https:\/\/melodiedomova.cz\/index.php?rest_route=\/wp\/v2\/pages\/661\/revisions\/866"}],"wp:attachment":[{"href":"https:\/\/melodiedomova.cz\/index.php?rest_route=%2Fwp%2Fv2%2Fmedia&parent=661"}],"curies":[{"name":"wp","href":"https:\/\/api.w.org\/{rel}","templated":true}]}}