{"id":729,"date":"2025-10-21T19:52:38","date_gmt":"2025-10-21T17:52:38","guid":{"rendered":"https:\/\/melodiedomova.cz\/?page_id=729"},"modified":"2026-02-07T21:47:14","modified_gmt":"2026-02-07T20:47:14","slug":"rocni-obdobi-2","status":"publish","type":"page","link":"https:\/\/melodiedomova.cz\/?page_id=729","title":{"rendered":"RO\u010cN\u00cd OBDOB\u00cd"},"content":{"rendered":"\n<div class=\"wp-block-responsive-block-editor-addons-container responsive-block-editor-addons-block-9b0fcada-d5f3-4911-9656-0835fd5a9d17 block-9b0fcada-d5f3-4911-9656-0835fd5a9d17 alignfull responsive-block-editor-addons-is-root-container cc-hide-on-mobile cc-hide-on-tablet\"><div class=\"responsive-block-editor-addons-container-inner-blocks-wrap\">\n<div class=\"wp-block-responsive-block-editor-addons-container responsive-block-editor-addons-block-5b92d87e-b02c-47a0-8cff-5f0b81ec4d30 block-5b92d87e-b02c-47a0-8cff-5f0b81ec4d30\">\n<figure class=\"wp-block-image alignwide size-full hvr-shrink\"><a href=\"https:\/\/melodiedomova.cz\/?page_id=2712\"><img loading=\"lazy\" decoding=\"async\" width=\"1080\" height=\"1350\" src=\"https:\/\/melodiedomova.cz\/wp-content\/uploads\/2025\/10\/3-7.jpg\" alt=\"\" class=\"wp-image-753\" srcset=\"https:\/\/melodiedomova.cz\/wp-content\/uploads\/2025\/10\/3-7.jpg 1080w, https:\/\/melodiedomova.cz\/wp-content\/uploads\/2025\/10\/3-7-800x1000.jpg 800w, https:\/\/melodiedomova.cz\/wp-content\/uploads\/2025\/10\/3-7-240x300.jpg 240w, https:\/\/melodiedomova.cz\/wp-content\/uploads\/2025\/10\/3-7-400x500.jpg 400w, https:\/\/melodiedomova.cz\/wp-content\/uploads\/2025\/10\/3-7-768x960.jpg 768w\" sizes=\"auto, (max-width: 1080px) 100vw, 1080px\" \/><\/a><\/figure>\n<\/div>\n\n\n\n<div class=\"wp-block-responsive-block-editor-addons-container responsive-block-editor-addons-block-720f57dc-a4a0-445c-b405-746caf983b2f block-720f57dc-a4a0-445c-b405-746caf983b2f\">\n<figure class=\"wp-block-image alignwide size-full hvr-shrink\"><a href=\"https:\/\/melodiedomova.cz\/?product=letni-melodie\"><img loading=\"lazy\" decoding=\"async\" width=\"1350\" height=\"1688\" src=\"https:\/\/melodiedomova.cz\/wp-content\/uploads\/2025\/10\/PODZIM1.jpg\" alt=\"\" class=\"wp-image-757\" srcset=\"https:\/\/melodiedomova.cz\/wp-content\/uploads\/2025\/10\/PODZIM1.jpg 1350w, https:\/\/melodiedomova.cz\/wp-content\/uploads\/2025\/10\/PODZIM1-800x1000.jpg 800w, https:\/\/melodiedomova.cz\/wp-content\/uploads\/2025\/10\/PODZIM1-240x300.jpg 240w, https:\/\/melodiedomova.cz\/wp-content\/uploads\/2025\/10\/PODZIM1-400x500.jpg 400w, https:\/\/melodiedomova.cz\/wp-content\/uploads\/2025\/10\/PODZIM1-768x960.jpg 768w, https:\/\/melodiedomova.cz\/wp-content\/uploads\/2025\/10\/PODZIM1-1228x1536.jpg 1228w, https:\/\/melodiedomova.cz\/wp-content\/uploads\/2025\/10\/PODZIM1-1320x1650.jpg 1320w\" sizes=\"auto, (max-width: 1350px) 100vw, 1350px\" \/><\/a><\/figure>\n<\/div>\n\n\n\n<div class=\"wp-block-responsive-block-editor-addons-container responsive-block-editor-addons-block-dce0a864-67b6-4a02-a88c-48dab89e4fcb block-dce0a864-67b6-4a02-a88c-48dab89e4fcb\">\n<figure class=\"wp-block-image alignwide size-full hvr-shrink\"><a href=\"https:\/\/melodiedomova.cz\/?product=podzimni-melodie\"><img loading=\"lazy\" decoding=\"async\" width=\"1755\" height=\"2194\" src=\"https:\/\/melodiedomova.cz\/wp-content\/uploads\/2025\/10\/PODZIM2.jpg\" alt=\"\" class=\"wp-image-766\" srcset=\"https:\/\/melodiedomova.cz\/wp-content\/uploads\/2025\/10\/PODZIM2.jpg 1755w, https:\/\/melodiedomova.cz\/wp-content\/uploads\/2025\/10\/PODZIM2-800x1000.jpg 800w, https:\/\/melodiedomova.cz\/wp-content\/uploads\/2025\/10\/PODZIM2-240x300.jpg 240w, https:\/\/melodiedomova.cz\/wp-content\/uploads\/2025\/10\/PODZIM2-400x500.jpg 400w, https:\/\/melodiedomova.cz\/wp-content\/uploads\/2025\/10\/PODZIM2-768x960.jpg 768w, https:\/\/melodiedomova.cz\/wp-content\/uploads\/2025\/10\/PODZIM2-1229x1536.jpg 1229w, https:\/\/melodiedomova.cz\/wp-content\/uploads\/2025\/10\/PODZIM2-1638x2048.jpg 1638w, https:\/\/melodiedomova.cz\/wp-content\/uploads\/2025\/10\/PODZIM2-1320x1650.jpg 1320w\" sizes=\"auto, (max-width: 1755px) 100vw, 1755px\" \/><\/a><\/figure>\n<\/div>\n\n\n\n<div class=\"wp-block-responsive-block-editor-addons-container responsive-block-editor-addons-block-ae9d0437-f8f7-46f5-83af-e659d0a4e2e1 block-ae9d0437-f8f7-46f5-83af-e659d0a4e2e1\">\n<figure class=\"wp-block-image alignwide size-full hvr-shrink\"><a href=\"https:\/\/melodiedomova.cz\/?product=zimni-melodie\"><img loading=\"lazy\" decoding=\"async\" width=\"1620\" height=\"2025\" src=\"https:\/\/melodiedomova.cz\/wp-content\/uploads\/2025\/10\/PODZIM3.jpg\" alt=\"\" class=\"wp-image-767\" srcset=\"https:\/\/melodiedomova.cz\/wp-content\/uploads\/2025\/10\/PODZIM3.jpg 1620w, https:\/\/melodiedomova.cz\/wp-content\/uploads\/2025\/10\/PODZIM3-800x1000.jpg 800w, https:\/\/melodiedomova.cz\/wp-content\/uploads\/2025\/10\/PODZIM3-240x300.jpg 240w, https:\/\/melodiedomova.cz\/wp-content\/uploads\/2025\/10\/PODZIM3-400x500.jpg 400w, https:\/\/melodiedomova.cz\/wp-content\/uploads\/2025\/10\/PODZIM3-768x960.jpg 768w, https:\/\/melodiedomova.cz\/wp-content\/uploads\/2025\/10\/PODZIM3-1229x1536.jpg 1229w, https:\/\/melodiedomova.cz\/wp-content\/uploads\/2025\/10\/PODZIM3-1320x1650.jpg 1320w\" sizes=\"auto, (max-width: 1620px) 100vw, 1620px\" \/><\/a><\/figure>\n<\/div>\n<\/div><\/div>\n\n\n\n<div class=\"wp-block-columns is-not-stacked-on-mobile is-layout-flex wp-container-core-columns-is-layout-9d6595d7 wp-block-columns-is-layout-flex cc-hide-on-desktop\">\n<div class=\"wp-block-column is-layout-flow wp-block-column-is-layout-flow\">\n<figure class=\"wp-block-image alignwide size-full hvr-shrink\"><a href=\"https:\/\/melodiedomova.cz\/?page_id=2712\"><img loading=\"lazy\" decoding=\"async\" width=\"1080\" height=\"1350\" src=\"https:\/\/melodiedomova.cz\/wp-content\/uploads\/2025\/10\/3-7.jpg\" alt=\"\" class=\"wp-image-753\" srcset=\"https:\/\/melodiedomova.cz\/wp-content\/uploads\/2025\/10\/3-7.jpg 1080w, https:\/\/melodiedomova.cz\/wp-content\/uploads\/2025\/10\/3-7-800x1000.jpg 800w, https:\/\/melodiedomova.cz\/wp-content\/uploads\/2025\/10\/3-7-240x300.jpg 240w, https:\/\/melodiedomova.cz\/wp-content\/uploads\/2025\/10\/3-7-400x500.jpg 400w, https:\/\/melodiedomova.cz\/wp-content\/uploads\/2025\/10\/3-7-768x960.jpg 768w\" sizes=\"auto, (max-width: 1080px) 100vw, 1080px\" \/><\/a><\/figure>\n\n\n\n<figure class=\"wp-block-image size-full hvr-shrink\"><a href=\"https:\/\/melodiedomova.cz\/?product=podzimni-melodie\"><img loading=\"lazy\" decoding=\"async\" width=\"1755\" height=\"2194\" src=\"https:\/\/melodiedomova.cz\/wp-content\/uploads\/2025\/10\/PODZIM2.jpg\" alt=\"\" class=\"wp-image-766\" srcset=\"https:\/\/melodiedomova.cz\/wp-content\/uploads\/2025\/10\/PODZIM2.jpg 1755w, https:\/\/melodiedomova.cz\/wp-content\/uploads\/2025\/10\/PODZIM2-800x1000.jpg 800w, https:\/\/melodiedomova.cz\/wp-content\/uploads\/2025\/10\/PODZIM2-240x300.jpg 240w, https:\/\/melodiedomova.cz\/wp-content\/uploads\/2025\/10\/PODZIM2-400x500.jpg 400w, https:\/\/melodiedomova.cz\/wp-content\/uploads\/2025\/10\/PODZIM2-768x960.jpg 768w, https:\/\/melodiedomova.cz\/wp-content\/uploads\/2025\/10\/PODZIM2-1229x1536.jpg 1229w, https:\/\/melodiedomova.cz\/wp-content\/uploads\/2025\/10\/PODZIM2-1638x2048.jpg 1638w, https:\/\/melodiedomova.cz\/wp-content\/uploads\/2025\/10\/PODZIM2-1320x1650.jpg 1320w\" sizes=\"auto, (max-width: 1755px) 100vw, 1755px\" \/><\/a><\/figure>\n<\/div>\n\n\n\n<div class=\"wp-block-column is-layout-flow wp-block-column-is-layout-flow\">\n<figure class=\"wp-block-image alignwide size-full hvr-shrink\"><a href=\"https:\/\/melodiedomova.cz\/?product=letni-melodie\"><img loading=\"lazy\" decoding=\"async\" width=\"1350\" height=\"1688\" src=\"https:\/\/melodiedomova.cz\/wp-content\/uploads\/2025\/10\/PODZIM1.jpg\" alt=\"\" class=\"wp-image-757\" srcset=\"https:\/\/melodiedomova.cz\/wp-content\/uploads\/2025\/10\/PODZIM1.jpg 1350w, https:\/\/melodiedomova.cz\/wp-content\/uploads\/2025\/10\/PODZIM1-800x1000.jpg 800w, https:\/\/melodiedomova.cz\/wp-content\/uploads\/2025\/10\/PODZIM1-240x300.jpg 240w, https:\/\/melodiedomova.cz\/wp-content\/uploads\/2025\/10\/PODZIM1-400x500.jpg 400w, https:\/\/melodiedomova.cz\/wp-content\/uploads\/2025\/10\/PODZIM1-768x960.jpg 768w, https:\/\/melodiedomova.cz\/wp-content\/uploads\/2025\/10\/PODZIM1-1228x1536.jpg 1228w, https:\/\/melodiedomova.cz\/wp-content\/uploads\/2025\/10\/PODZIM1-1320x1650.jpg 1320w\" sizes=\"auto, (max-width: 1350px) 100vw, 1350px\" \/><\/a><\/figure>\n\n\n\n<figure class=\"wp-block-image size-full hvr-shrink\"><a href=\"https:\/\/melodiedomova.cz\/?product=zimni-melodie\"><img loading=\"lazy\" decoding=\"async\" width=\"1620\" height=\"2025\" src=\"https:\/\/melodiedomova.cz\/wp-content\/uploads\/2025\/10\/PODZIM3.jpg\" alt=\"\" class=\"wp-image-767\" srcset=\"https:\/\/melodiedomova.cz\/wp-content\/uploads\/2025\/10\/PODZIM3.jpg 1620w, https:\/\/melodiedomova.cz\/wp-content\/uploads\/2025\/10\/PODZIM3-800x1000.jpg 800w, https:\/\/melodiedomova.cz\/wp-content\/uploads\/2025\/10\/PODZIM3-240x300.jpg 240w, https:\/\/melodiedomova.cz\/wp-content\/uploads\/2025\/10\/PODZIM3-400x500.jpg 400w, https:\/\/melodiedomova.cz\/wp-content\/uploads\/2025\/10\/PODZIM3-768x960.jpg 768w, https:\/\/melodiedomova.cz\/wp-content\/uploads\/2025\/10\/PODZIM3-1229x1536.jpg 1229w, https:\/\/melodiedomova.cz\/wp-content\/uploads\/2025\/10\/PODZIM3-1320x1650.jpg 1320w\" sizes=\"auto, (max-width: 1620px) 100vw, 1620px\" \/><\/a><\/figure>\n<\/div>\n<\/div>\n\n\n\n<div style=\"height:34px\" aria-hidden=\"true\" class=\"wp-block-spacer\"><\/div>\n\n\n<div class=\"wp-block-image\">\n<figure class=\"aligncenter size-full is-resized cc-hide-on-mobile cc-hide-on-tablet cc-hide-on-desktop\"><img loading=\"lazy\" decoding=\"async\" width=\"1620\" height=\"1233\" src=\"https:\/\/melodiedomova.cz\/wp-content\/uploads\/2025\/12\/Dark-Navy-Blue-Donate-Today-Instagram-Post-1.jpg\" alt=\"\" class=\"wp-image-2318\" style=\"width:400px;height:auto\" srcset=\"https:\/\/melodiedomova.cz\/wp-content\/uploads\/2025\/12\/Dark-Navy-Blue-Donate-Today-Instagram-Post-1.jpg 1620w, https:\/\/melodiedomova.cz\/wp-content\/uploads\/2025\/12\/Dark-Navy-Blue-Donate-Today-Instagram-Post-1-300x228.jpg 300w, https:\/\/melodiedomova.cz\/wp-content\/uploads\/2025\/12\/Dark-Navy-Blue-Donate-Today-Instagram-Post-1-500x381.jpg 500w, https:\/\/melodiedomova.cz\/wp-content\/uploads\/2025\/12\/Dark-Navy-Blue-Donate-Today-Instagram-Post-1-768x585.jpg 768w, https:\/\/melodiedomova.cz\/wp-content\/uploads\/2025\/12\/Dark-Navy-Blue-Donate-Today-Instagram-Post-1-1536x1169.jpg 1536w, https:\/\/melodiedomova.cz\/wp-content\/uploads\/2025\/12\/Dark-Navy-Blue-Donate-Today-Instagram-Post-1-1320x1005.jpg 1320w, https:\/\/melodiedomova.cz\/wp-content\/uploads\/2025\/12\/Dark-Navy-Blue-Donate-Today-Instagram-Post-1-800x609.jpg 800w\" sizes=\"auto, (max-width: 1620px) 100vw, 1620px\" \/><\/figure><\/div>\n\n\n<div class=\"wp-block-responsive-block-editor-addons-buttons center tabletAlignleft mobileAligncenter responsive-block-editor-addons-block-buttons block-a50f6cfc-f998-4b57-ad21-5e7ba3125210 responsive-block-editor-addons-buttons__outer-wrap responsive-block-editor-addons-buttons-stack-mobile\"><div class=\"responsive-block-editor-addons-buttons__wrap responsive-block-editor-addons-buttons-layout-wrap cc-hide-on-mobile cc-hide-on-tablet cc-hide-on-desktop\">\n<div class=\"wp-block-responsive-block-editor-addons-buttons-child responsive-block-editor-addons-undefined responsive-block-editor-addons-buttons-child responsive-block-editor-addons-block-buttons-child block-0eb7da98-f023-494a-884d-cffe0b83380c responsive-block-editor-addons-block-button responsive-block-editor-addons-buttons__outer-wrap\"><div class=\"responsive-block-editor-addons-1 responsive-block-editor-addons-button__wrapper responsive-block-editor-addons-button__effect-undefined\" data-rbea-inherit-wrapper=\"true\" data-inherit-from-theme=\"0\" data-local-timestamp=\"\" data-rbea-inherit-parent=\"self\" data-rbea-inherit-child=\".responsive-block-editor-addons-buttons-repeater\"><a class=\"responsive-block-editor-addons-buttons-repeater responsive-block-editor-addons-button__wrapper\" href=\"https:\/\/melodiedomova.cz\/?product=darkova-poukazka\"><div class=\"responsive-block-editor-addons-button__link_child not-inherited-from-theme\">D\u00c1RKOV\u00dd POUKAZ<\/div><\/a><\/div><\/div>\n<\/div><\/div>\n","protected":false},"excerpt":{"rendered":"","protected":false},"author":6,"featured_media":0,"parent":0,"menu_order":0,"comment_status":"closed","ping_status":"closed","template":"","meta":{"_uag_custom_page_level_css":"","footnotes":""},"class_list":["post-729","page","type-page","status-publish","hentry"],"featured_image_src":"","featured_image_src_square":false,"rbea_author_info":{"display_name":"Zuzana \u010cuhani\u010dov\u00e1","author_link":"https:\/\/melodiedomova.cz\/?author=6"},"rbea_excerpt_info":null,"uagb_featured_image_src":{"full":false,"thumbnail":false,"medium":false,"medium_large":false,"large":false,"post-slider-thumb-size":false,"post-category-slider-size":false,"1536x1536":false,"2048x2048":false,"vilva-slider-one":false,"vilva-featured-four":false,"vilva-blog":false,"vilva-blog-one":false,"vilva-sidebar":false,"mailpoet_newsletter_max":false,"woocommerce_thumbnail":false,"woocommerce_single":false,"woocommerce_gallery_thumbnail":false},"uagb_author_info":{"display_name":"Zuzana \u010cuhani\u010dov\u00e1","author_link":"https:\/\/melodiedomova.cz\/?author=6"},"uagb_comment_info":0,"uagb_excerpt":null,"jetpack_sharing_enabled":true,"_links":{"self":[{"href":"https:\/\/melodiedomova.cz\/index.php?rest_route=\/wp\/v2\/pages\/729","targetHints":{"allow":["GET"]}}],"collection":[{"href":"https:\/\/melodiedomova.cz\/index.php?rest_route=\/wp\/v2\/pages"}],"about":[{"href":"https:\/\/melodiedomova.cz\/index.php?rest_route=\/wp\/v2\/types\/page"}],"author":[{"embeddable":true,"href":"https:\/\/melodiedomova.cz\/index.php?rest_route=\/wp\/v2\/users\/6"}],"replies":[{"embeddable":true,"href":"https:\/\/melodiedomova.cz\/index.php?rest_route=%2Fwp%2Fv2%2Fcomments&post=729"}],"version-history":[{"count":31,"href":"https:\/\/melodiedomova.cz\/index.php?rest_route=\/wp\/v2\/pages\/729\/revisions"}],"predecessor-version":[{"id":2807,"href":"https:\/\/melodiedomova.cz\/index.php?rest_route=\/wp\/v2\/pages\/729\/revisions\/2807"}],"wp:attachment":[{"href":"https:\/\/melodiedomova.cz\/index.php?rest_route=%2Fwp%2Fv2%2Fmedia&parent=729"}],"curies":[{"name":"wp","href":"https:\/\/api.w.org\/{rel}","templated":true}]}}