{"id":842,"date":"2025-10-22T23:20:47","date_gmt":"2025-10-22T21:20:47","guid":{"rendered":"https:\/\/melodiedomova.cz\/?page_id=842"},"modified":"2025-11-18T18:21:54","modified_gmt":"2025-11-18T17:21:54","slug":"ochutnavky","status":"publish","type":"page","link":"https:\/\/melodiedomova.cz\/?page_id=842","title":{"rendered":"Ochutn\u00e1vky"},"content":{"rendered":"<div class=\"wp-block-image\">\n<figure class=\"aligncenter size-full is-resized\"><img loading=\"lazy\" decoding=\"async\" width=\"2560\" height=\"693\" src=\"https:\/\/melodiedomova.cz\/wp-content\/uploads\/2025\/10\/PODZIM6-scaled.jpg\" alt=\"\" class=\"wp-image-1010\" style=\"width:400px\" srcset=\"https:\/\/melodiedomova.cz\/wp-content\/uploads\/2025\/10\/PODZIM6-scaled.jpg 2560w, https:\/\/melodiedomova.cz\/wp-content\/uploads\/2025\/10\/PODZIM6-scaled-800x217.jpg 800w, https:\/\/melodiedomova.cz\/wp-content\/uploads\/2025\/10\/PODZIM6-300x81.jpg 300w, https:\/\/melodiedomova.cz\/wp-content\/uploads\/2025\/10\/PODZIM6-500x135.jpg 500w, https:\/\/melodiedomova.cz\/wp-content\/uploads\/2025\/10\/PODZIM6-768x208.jpg 768w, https:\/\/melodiedomova.cz\/wp-content\/uploads\/2025\/10\/PODZIM6-1536x416.jpg 1536w, https:\/\/melodiedomova.cz\/wp-content\/uploads\/2025\/10\/PODZIM6-2048x554.jpg 2048w, https:\/\/melodiedomova.cz\/wp-content\/uploads\/2025\/10\/PODZIM6-1320x357.jpg 1320w\" sizes=\"auto, (max-width: 2560px) 100vw, 2560px\" \/><\/figure><\/div>\n\n\n<div style=\"height:42px\" aria-hidden=\"true\" class=\"wp-block-spacer\"><\/div>\n\n\n\n<div class=\"wp-block-responsive-block-editor-addons-container responsive-block-editor-addons-block-8c262a1a-6295-4da0-92f8-1ea6f40a2ff8 alignfull responsive-block-editor-addons-is-root-container\"><div class=\"responsive-block-editor-addons-container-inner-blocks-wrap\">\n<div class=\"wp-block-responsive-block-editor-addons-container responsive-block-editor-addons-block-249c3655-8e93-40b8-8edd-c27d14d8403e\"><div class=\"wp-block-image hvr-shrink is-style-rounded\">\n<figure class=\"aligncenter size-full\"><a href=\"https:\/\/melodiedomova.cz\/?product=naladeni-se-na-leden\"><img loading=\"lazy\" decoding=\"async\" width=\"1620\" height=\"2025\" src=\"https:\/\/melodiedomova.cz\/wp-content\/uploads\/2025\/10\/6-3.jpg\" alt=\"\" class=\"wp-image-357\" style=\"aspect-ratio:1;object-fit:cover\" srcset=\"https:\/\/melodiedomova.cz\/wp-content\/uploads\/2025\/10\/6-3.jpg 1620w, https:\/\/melodiedomova.cz\/wp-content\/uploads\/2025\/10\/6-3-800x1000.jpg 800w\" sizes=\"auto, (max-width: 1620px) 100vw, 1620px\" \/><\/a><figcaption class=\"wp-element-caption\">Leden<\/figcaption><\/figure><\/div>\n\n\n<figure class=\"wp-block-audio\"><audio controls src=\"https:\/\/melodiedomova.cz\/wp-content\/uploads\/2025\/10\/ochutnavka-leden.mp3\"><\/audio><\/figure>\n<\/div>\n\n\n\n<div class=\"wp-block-responsive-block-editor-addons-container responsive-block-editor-addons-block-0ed72d7a-2209-41a5-9d0c-42b607f71236\"><div class=\"wp-block-image hvr-shrink is-style-rounded\">\n<figure class=\"aligncenter size-full\"><a href=\"https:\/\/melodiedomova.cz\/?product=naladeni-se-na-unor\"><img loading=\"lazy\" decoding=\"async\" width=\"1620\" height=\"2025\" src=\"https:\/\/melodiedomova.cz\/wp-content\/uploads\/2025\/10\/5-3.jpg\" alt=\"\" class=\"wp-image-355\" style=\"aspect-ratio:1;object-fit:cover\" srcset=\"https:\/\/melodiedomova.cz\/wp-content\/uploads\/2025\/10\/5-3.jpg 1620w, https:\/\/melodiedomova.cz\/wp-content\/uploads\/2025\/10\/5-3-800x1000.jpg 800w\" sizes=\"auto, (max-width: 1620px) 100vw, 1620px\" \/><\/a><figcaption class=\"wp-element-caption\">\u00danor<\/figcaption><\/figure><\/div>\n\n\n<figure class=\"wp-block-audio\"><audio controls src=\"https:\/\/melodiedomova.cz\/wp-content\/uploads\/2025\/10\/ochutnavka-unor.mp3\"><\/audio><\/figure>\n<\/div>\n\n\n\n<div class=\"wp-block-responsive-block-editor-addons-container responsive-block-editor-addons-block-1215f152-ddbe-47d9-84c3-52623e3088c4\"><div class=\"wp-block-image hvr-shrink is-style-rounded\">\n<figure class=\"aligncenter size-full\"><a href=\"https:\/\/melodiedomova.cz\/?product=naladeni-se-na-brezen\"><img loading=\"lazy\" decoding=\"async\" width=\"1755\" height=\"2194\" src=\"https:\/\/melodiedomova.cz\/wp-content\/uploads\/2025\/10\/Navrh-bez-nazvu.jpg\" alt=\"\" class=\"wp-image-210\" style=\"aspect-ratio:1;object-fit:cover\" srcset=\"https:\/\/melodiedomova.cz\/wp-content\/uploads\/2025\/10\/Navrh-bez-nazvu.jpg 1755w, https:\/\/melodiedomova.cz\/wp-content\/uploads\/2025\/10\/Navrh-bez-nazvu-800x1000.jpg 800w\" sizes=\"auto, (max-width: 1755px) 100vw, 1755px\" \/><\/a><figcaption class=\"wp-element-caption\">B\u0159ezen<\/figcaption><\/figure><\/div>\n\n\n<figure class=\"wp-block-audio\"><audio controls src=\"https:\/\/melodiedomova.cz\/wp-content\/uploads\/2025\/10\/ochutnavka-brezen.mp3\"><\/audio><\/figure>\n<\/div>\n\n\n\n<div class=\"wp-block-responsive-block-editor-addons-container responsive-block-editor-addons-block-9dec3f72-43a4-4564-9bd1-a822e014a75b\"><div class=\"wp-block-image hvr-shrink is-style-rounded\">\n<figure class=\"aligncenter size-full\"><a href=\"https:\/\/melodiedomova.cz\/?product=naladeni-se-na-duben\"><img loading=\"lazy\" decoding=\"async\" width=\"1620\" height=\"2025\" src=\"https:\/\/melodiedomova.cz\/wp-content\/uploads\/2025\/10\/7-2.jpg\" alt=\"\" class=\"wp-image-356\" style=\"aspect-ratio:1;object-fit:cover\" srcset=\"https:\/\/melodiedomova.cz\/wp-content\/uploads\/2025\/10\/7-2.jpg 1620w, https:\/\/melodiedomova.cz\/wp-content\/uploads\/2025\/10\/7-2-800x1000.jpg 800w\" sizes=\"auto, (max-width: 1620px) 100vw, 1620px\" \/><\/a><figcaption class=\"wp-element-caption\">Duben<\/figcaption><\/figure><\/div>\n\n\n<figure class=\"wp-block-audio\"><audio controls src=\"https:\/\/melodiedomova.cz\/wp-content\/uploads\/2025\/10\/ochutnavka-duben.mp3\"><\/audio><\/figure>\n<\/div>\n<\/div><\/div>\n\n\n\n<div class=\"wp-block-responsive-block-editor-addons-container responsive-block-editor-addons-block-e56a75cf-1edb-4d05-8c2f-608a63d4fd61 alignfull responsive-block-editor-addons-is-root-container\"><div class=\"responsive-block-editor-addons-container-inner-blocks-wrap\">\n<div class=\"wp-block-responsive-block-editor-addons-container responsive-block-editor-addons-block-a26e4de4-0fbf-430d-a3b1-63efac48d43d\"><div class=\"wp-block-image hvr-shrink is-style-rounded\">\n<figure class=\"aligncenter size-full\"><img loading=\"lazy\" decoding=\"async\" width=\"940\" height=\"788\" src=\"https:\/\/melodiedomova.cz\/wp-content\/uploads\/2025\/10\/5.jpg\" alt=\"\" class=\"wp-image-230\" style=\"aspect-ratio:1;object-fit:cover\" srcset=\"https:\/\/melodiedomova.cz\/wp-content\/uploads\/2025\/10\/5.jpg 940w, https:\/\/melodiedomova.cz\/wp-content\/uploads\/2025\/10\/5-800x671.jpg 800w\" sizes=\"auto, (max-width: 940px) 100vw, 940px\" \/><figcaption class=\"wp-element-caption\">Kv\u011bten<\/figcaption><\/figure><\/div>\n\n\n<figure class=\"wp-block-audio\"><audio controls src=\"https:\/\/melodiedomova.cz\/wp-content\/uploads\/2025\/10\/ochutnavka-kveten.mp3\"><\/audio><\/figure>\n<\/div>\n\n\n\n<div class=\"wp-block-responsive-block-editor-addons-container responsive-block-editor-addons-block-36d865e8-13fe-4bda-8e73-691ede799171\"><div class=\"wp-block-image hvr-shrink is-style-rounded\">\n<figure class=\"aligncenter size-full\"><a href=\"https:\/\/melodiedomova.cz\/?product=naladeni-se-na-cerven\"><img loading=\"lazy\" decoding=\"async\" width=\"1620\" height=\"2025\" src=\"https:\/\/melodiedomova.cz\/wp-content\/uploads\/2025\/10\/10-3.jpg\" alt=\"\" class=\"wp-image-347\" style=\"aspect-ratio:1;object-fit:cover\" srcset=\"https:\/\/melodiedomova.cz\/wp-content\/uploads\/2025\/10\/10-3.jpg 1620w, https:\/\/melodiedomova.cz\/wp-content\/uploads\/2025\/10\/10-3-800x1000.jpg 800w\" sizes=\"auto, (max-width: 1620px) 100vw, 1620px\" \/><\/a><figcaption class=\"wp-element-caption\">\u010cerven<\/figcaption><\/figure><\/div>\n\n\n<figure class=\"wp-block-audio\"><audio controls src=\"https:\/\/melodiedomova.cz\/wp-content\/uploads\/2025\/10\/ochutnavka-cerven.mp3\"><\/audio><\/figure>\n<\/div>\n\n\n\n<div class=\"wp-block-responsive-block-editor-addons-container responsive-block-editor-addons-block-5684b2c7-f06a-4adb-b1a7-b84691a02ae2\"><div class=\"wp-block-image hvr-shrink is-style-rounded\">\n<figure class=\"aligncenter size-full\"><a href=\"https:\/\/melodiedomova.cz\/?product=naladeni-se-na-cervenec\"><img loading=\"lazy\" decoding=\"async\" width=\"1620\" height=\"2025\" src=\"https:\/\/melodiedomova.cz\/wp-content\/uploads\/2025\/10\/11-1.jpg\" alt=\"\" class=\"wp-image-241\" style=\"aspect-ratio:1;object-fit:cover\" srcset=\"https:\/\/melodiedomova.cz\/wp-content\/uploads\/2025\/10\/11-1.jpg 1620w, https:\/\/melodiedomova.cz\/wp-content\/uploads\/2025\/10\/11-1-800x1000.jpg 800w, https:\/\/melodiedomova.cz\/wp-content\/uploads\/2025\/10\/11-1-240x300.jpg 240w, https:\/\/melodiedomova.cz\/wp-content\/uploads\/2025\/10\/11-1-400x500.jpg 400w, https:\/\/melodiedomova.cz\/wp-content\/uploads\/2025\/10\/11-1-768x960.jpg 768w, https:\/\/melodiedomova.cz\/wp-content\/uploads\/2025\/10\/11-1-1229x1536.jpg 1229w, https:\/\/melodiedomova.cz\/wp-content\/uploads\/2025\/10\/11-1-1320x1650.jpg 1320w\" sizes=\"auto, (max-width: 1620px) 100vw, 1620px\" \/><\/a><figcaption class=\"wp-element-caption\">\u010cervenec<\/figcaption><\/figure><\/div>\n\n\n<figure class=\"wp-block-audio\"><audio controls src=\"https:\/\/melodiedomova.cz\/wp-content\/uploads\/2025\/10\/ochutnavka-cervenec.mp3\"><\/audio><\/figure>\n<\/div>\n\n\n\n<div class=\"wp-block-responsive-block-editor-addons-container responsive-block-editor-addons-block-51ff2fa0-048a-417c-9769-8b1e292d34be\"><div class=\"wp-block-image hvr-shrink is-style-rounded\">\n<figure class=\"aligncenter size-full\"><a href=\"https:\/\/melodiedomova.cz\/?product=naladeni-se-na-srpen\"><img loading=\"lazy\" decoding=\"async\" width=\"1620\" height=\"2025\" src=\"https:\/\/melodiedomova.cz\/wp-content\/uploads\/2025\/10\/12-3.jpg\" alt=\"\" class=\"wp-image-349\" style=\"aspect-ratio:1;object-fit:cover\" srcset=\"https:\/\/melodiedomova.cz\/wp-content\/uploads\/2025\/10\/12-3.jpg 1620w, https:\/\/melodiedomova.cz\/wp-content\/uploads\/2025\/10\/12-3-800x1000.jpg 800w, https:\/\/melodiedomova.cz\/wp-content\/uploads\/2025\/10\/12-3-240x300.jpg 240w, https:\/\/melodiedomova.cz\/wp-content\/uploads\/2025\/10\/12-3-400x500.jpg 400w, https:\/\/melodiedomova.cz\/wp-content\/uploads\/2025\/10\/12-3-768x960.jpg 768w, https:\/\/melodiedomova.cz\/wp-content\/uploads\/2025\/10\/12-3-1229x1536.jpg 1229w, https:\/\/melodiedomova.cz\/wp-content\/uploads\/2025\/10\/12-3-1320x1650.jpg 1320w\" sizes=\"auto, (max-width: 1620px) 100vw, 1620px\" \/><\/a><figcaption class=\"wp-element-caption\">Srpen<\/figcaption><\/figure><\/div>\n\n\n<figure class=\"wp-block-audio\"><audio controls src=\"https:\/\/melodiedomova.cz\/wp-content\/uploads\/2025\/10\/ochutnavka-srpen.mp3\"><\/audio><\/figure>\n<\/div>\n<\/div><\/div>\n\n\n\n<div class=\"wp-block-responsive-block-editor-addons-container responsive-block-editor-addons-block-2d665f20-a135-45dc-9a4c-6b0e364a2a72 alignfull responsive-block-editor-addons-is-root-container\"><div class=\"responsive-block-editor-addons-container-inner-blocks-wrap\">\n<div class=\"wp-block-responsive-block-editor-addons-container responsive-block-editor-addons-block-d950d262-091c-49cc-b0b9-6f473d46645b\"><div class=\"wp-block-image hvr-shrink is-style-rounded\">\n<figure class=\"aligncenter size-full\"><a href=\"https:\/\/melodiedomova.cz\/?product=naladeni-se-na-zari\"><img loading=\"lazy\" decoding=\"async\" width=\"1620\" height=\"2025\" src=\"https:\/\/melodiedomova.cz\/wp-content\/uploads\/2025\/10\/1-1.jpg\" alt=\"\" class=\"wp-image-243\" style=\"aspect-ratio:1;object-fit:cover\" srcset=\"https:\/\/melodiedomova.cz\/wp-content\/uploads\/2025\/10\/1-1.jpg 1620w, https:\/\/melodiedomova.cz\/wp-content\/uploads\/2025\/10\/1-1-800x1000.jpg 800w, https:\/\/melodiedomova.cz\/wp-content\/uploads\/2025\/10\/1-1-240x300.jpg 240w, https:\/\/melodiedomova.cz\/wp-content\/uploads\/2025\/10\/1-1-400x500.jpg 400w, https:\/\/melodiedomova.cz\/wp-content\/uploads\/2025\/10\/1-1-768x960.jpg 768w, https:\/\/melodiedomova.cz\/wp-content\/uploads\/2025\/10\/1-1-1229x1536.jpg 1229w, https:\/\/melodiedomova.cz\/wp-content\/uploads\/2025\/10\/1-1-1320x1650.jpg 1320w\" sizes=\"auto, (max-width: 1620px) 100vw, 1620px\" \/><\/a><figcaption class=\"wp-element-caption\">Z\u00e1\u0159\u00ed<\/figcaption><\/figure><\/div>\n\n\n<figure class=\"wp-block-audio\"><audio controls src=\"https:\/\/melodiedomova.cz\/wp-content\/uploads\/2025\/10\/ochutnavka-zari.mp3\"><\/audio><\/figure>\n<\/div>\n\n\n\n<div class=\"wp-block-responsive-block-editor-addons-container responsive-block-editor-addons-block-b248b0bf-2558-4a92-ae67-33f73e8b6f2f\"><div class=\"wp-block-image hvr-shrink is-style-rounded\">\n<figure class=\"aligncenter size-full\"><img loading=\"lazy\" decoding=\"async\" width=\"1620\" height=\"2025\" src=\"https:\/\/melodiedomova.cz\/wp-content\/uploads\/2025\/10\/2-1.jpg\" alt=\"\" class=\"wp-image-244\" style=\"aspect-ratio:1;object-fit:cover\" srcset=\"https:\/\/melodiedomova.cz\/wp-content\/uploads\/2025\/10\/2-1.jpg 1620w, https:\/\/melodiedomova.cz\/wp-content\/uploads\/2025\/10\/2-1-800x1000.jpg 800w, https:\/\/melodiedomova.cz\/wp-content\/uploads\/2025\/10\/2-1-240x300.jpg 240w, https:\/\/melodiedomova.cz\/wp-content\/uploads\/2025\/10\/2-1-400x500.jpg 400w, https:\/\/melodiedomova.cz\/wp-content\/uploads\/2025\/10\/2-1-768x960.jpg 768w, https:\/\/melodiedomova.cz\/wp-content\/uploads\/2025\/10\/2-1-1229x1536.jpg 1229w, https:\/\/melodiedomova.cz\/wp-content\/uploads\/2025\/10\/2-1-1320x1650.jpg 1320w\" sizes=\"auto, (max-width: 1620px) 100vw, 1620px\" \/><figcaption class=\"wp-element-caption\">\u0158\u00edjen<\/figcaption><\/figure><\/div>\n\n\n<figure class=\"wp-block-audio\"><audio controls src=\"https:\/\/melodiedomova.cz\/wp-content\/uploads\/2025\/10\/ochutnavka-rijen.mp3\"><\/audio><\/figure>\n<\/div>\n\n\n\n<div class=\"wp-block-responsive-block-editor-addons-container responsive-block-editor-addons-block-671c2da7-9180-40f2-a368-1986129cb8e4\"><div class=\"wp-block-image hvr-shrink is-style-rounded\">\n<figure class=\"aligncenter size-full\"><a href=\"https:\/\/melodiedomova.cz\/?product=naladeni-se-na-listopad\"><img loading=\"lazy\" decoding=\"async\" width=\"1620\" height=\"2025\" src=\"https:\/\/melodiedomova.cz\/wp-content\/uploads\/2025\/10\/3-2.jpg\" alt=\"\" class=\"wp-image-342\" style=\"aspect-ratio:1;object-fit:cover\" srcset=\"https:\/\/melodiedomova.cz\/wp-content\/uploads\/2025\/10\/3-2.jpg 1620w, https:\/\/melodiedomova.cz\/wp-content\/uploads\/2025\/10\/3-2-800x1000.jpg 800w, https:\/\/melodiedomova.cz\/wp-content\/uploads\/2025\/10\/3-2-240x300.jpg 240w, https:\/\/melodiedomova.cz\/wp-content\/uploads\/2025\/10\/3-2-400x500.jpg 400w, https:\/\/melodiedomova.cz\/wp-content\/uploads\/2025\/10\/3-2-768x960.jpg 768w, https:\/\/melodiedomova.cz\/wp-content\/uploads\/2025\/10\/3-2-1229x1536.jpg 1229w, https:\/\/melodiedomova.cz\/wp-content\/uploads\/2025\/10\/3-2-1320x1650.jpg 1320w\" sizes=\"auto, (max-width: 1620px) 100vw, 1620px\" \/><\/a><figcaption class=\"wp-element-caption\">Listopad<\/figcaption><\/figure><\/div>\n\n\n<figure class=\"wp-block-audio\"><audio controls src=\"https:\/\/melodiedomova.cz\/wp-content\/uploads\/2025\/10\/ochutnavka-listopad.mp3\"><\/audio><\/figure>\n<\/div>\n\n\n\n<div class=\"wp-block-responsive-block-editor-addons-container responsive-block-editor-addons-block-46d09bcf-86da-44d0-ada1-c52170d74414\"><div class=\"wp-block-image hvr-shrink is-style-rounded\">\n<figure class=\"aligncenter size-full\"><img loading=\"lazy\" decoding=\"async\" width=\"1620\" height=\"2025\" src=\"https:\/\/melodiedomova.cz\/wp-content\/uploads\/2025\/10\/4-1.jpg\" alt=\"\" class=\"wp-image-246\" style=\"aspect-ratio:1;object-fit:cover\" srcset=\"https:\/\/melodiedomova.cz\/wp-content\/uploads\/2025\/10\/4-1.jpg 1620w, https:\/\/melodiedomova.cz\/wp-content\/uploads\/2025\/10\/4-1-800x1000.jpg 800w, https:\/\/melodiedomova.cz\/wp-content\/uploads\/2025\/10\/4-1-240x300.jpg 240w, https:\/\/melodiedomova.cz\/wp-content\/uploads\/2025\/10\/4-1-400x500.jpg 400w, https:\/\/melodiedomova.cz\/wp-content\/uploads\/2025\/10\/4-1-768x960.jpg 768w, https:\/\/melodiedomova.cz\/wp-content\/uploads\/2025\/10\/4-1-1229x1536.jpg 1229w, https:\/\/melodiedomova.cz\/wp-content\/uploads\/2025\/10\/4-1-1320x1650.jpg 1320w\" sizes=\"auto, (max-width: 1620px) 100vw, 1620px\" \/><figcaption class=\"wp-element-caption\">Prosinec<\/figcaption><\/figure><\/div>\n\n\n<figure class=\"wp-block-audio\"><audio controls src=\"https:\/\/melodiedomova.cz\/wp-content\/uploads\/2025\/10\/ochutnavka-Prosinec-finalni.mp3\"><\/audio><\/figure>\n<\/div>\n<\/div><\/div>\n\n\n\n<p><\/p>\n","protected":false},"excerpt":{"rendered":"","protected":false},"author":6,"featured_media":0,"parent":0,"menu_order":0,"comment_status":"closed","ping_status":"closed","template":"","meta":{"_uag_custom_page_level_css":"","footnotes":""},"class_list":["post-842","page","type-page","status-publish","hentry"],"featured_image_src":"","featured_image_src_square":false,"rbea_author_info":{"display_name":"Zuzana \u010cuhani\u010dov\u00e1","author_link":"https:\/\/melodiedomova.cz\/?author=6"},"rbea_excerpt_info":null,"uagb_featured_image_src":{"full":false,"thumbnail":false,"medium":false,"medium_large":false,"large":false,"post-slider-thumb-size":false,"post-category-slider-size":false,"1536x1536":false,"2048x2048":false,"vilva-slider-one":false,"vilva-featured-four":false,"vilva-blog":false,"vilva-blog-one":false,"vilva-sidebar":false,"mailpoet_newsletter_max":false,"woocommerce_thumbnail":false,"woocommerce_single":false,"woocommerce_gallery_thumbnail":false},"uagb_author_info":{"display_name":"Zuzana \u010cuhani\u010dov\u00e1","author_link":"https:\/\/melodiedomova.cz\/?author=6"},"uagb_comment_info":0,"uagb_excerpt":null,"jetpack_sharing_enabled":true,"_links":{"self":[{"href":"https:\/\/melodiedomova.cz\/index.php?rest_route=\/wp\/v2\/pages\/842","targetHints":{"allow":["GET"]}}],"collection":[{"href":"https:\/\/melodiedomova.cz\/index.php?rest_route=\/wp\/v2\/pages"}],"about":[{"href":"https:\/\/melodiedomova.cz\/index.php?rest_route=\/wp\/v2\/types\/page"}],"author":[{"embeddable":true,"href":"https:\/\/melodiedomova.cz\/index.php?rest_route=\/wp\/v2\/users\/6"}],"replies":[{"embeddable":true,"href":"https:\/\/melodiedomova.cz\/index.php?rest_route=%2Fwp%2Fv2%2Fcomments&post=842"}],"version-history":[{"count":18,"href":"https:\/\/melodiedomova.cz\/index.php?rest_route=\/wp\/v2\/pages\/842\/revisions"}],"predecessor-version":[{"id":2067,"href":"https:\/\/melodiedomova.cz\/index.php?rest_route=\/wp\/v2\/pages\/842\/revisions\/2067"}],"wp:attachment":[{"href":"https:\/\/melodiedomova.cz\/index.php?rest_route=%2Fwp%2Fv2%2Fmedia&parent=842"}],"curies":[{"name":"wp","href":"https:\/\/api.w.org\/{rel}","templated":true}]}}