{"id":117,"date":"2025-09-26T21:19:09","date_gmt":"2025-09-26T19:19:09","guid":{"rendered":"https:\/\/melodiedomova.cz\/?post_type=product&#038;p=117"},"modified":"2025-11-10T10:26:38","modified_gmt":"2025-11-10T09:26:38","slug":"naladeni-se-na-zari","status":"publish","type":"product","link":"https:\/\/melodiedomova.cz\/?product=naladeni-se-na-zari","title":{"rendered":"Nalad\u011bn\u00ed se na z\u00e1\u0159\u00ed"},"content":{"rendered":"<p>\u266b\u266a\u00a0 Nalad\u011bn\u00ed je:<\/p>\n<ul>\n<li><strong>zastaven\u00ed se<\/strong><\/li>\n<li><strong>rozj\u00edm\u00e1n\u00ed<\/strong><\/li>\n<li><strong>zamy\u0161len\u00ed v rytmu roku<\/strong><\/li>\n<\/ul>\n<p>\u266b\u266a\u00a0 C\u00edlovou skupinou jsou <strong>p\u0159edev\u0161\u00edm rodi\u010de<\/strong>, proto\u017ee je mimo jin\u00e9 o pro\u017e\u00edv\u00e1n\u00ed roku pr\u00e1v\u011b s d\u011btmi, ale z do\u0161l\u00fdch zpr\u00e1v v\u00edm, \u017ee poslouchaj\u00ed tak\u00e9 babi\u010dky a d\u011bde\u010dci i lid\u00e9, kte\u0159\u00ed d\u011bti teprve pl\u00e1nuj\u00ed.<\/p>\n<p>\u266b\u266a\u00a0 Po koupi z\u00edsk\u00e1v\u00e1te <strong>\u010dasov\u011b neomezen\u00fd p\u0159\u00edstup<\/strong> k poslechu, viz <a href=\"https:\/\/melodiedomova.cz\/?page_id=158\">VOP<\/a>.<\/p>\n","protected":false},"excerpt":{"rendered":"<p>Na chv\u00edli se zastavte, pus\u0165te si nahr\u00e1vku a nechte se naladit na z\u00e1\u0159\u00ed. \u266b\u266a<\/p>\n[audio mp3=\"https:\/\/melodiedomova.cz\/wp-content\/uploads\/2025\/09\/ochutnavka-zari-new.mp3\"][\/audio]\n<p><em>Z\u00e1\u0159\u00ed jako m\u011bs\u00edc prom\u011bny a uzemn\u011bn\u00ed. Z\u00e1\u0159\u00ed jako most mezi l\u00e9tem a podzimem. Z\u00e1\u0159\u00ed o sklizni, o n\u00e1vratu dom\u016f i k sob\u011b sam\u00fdm. Z\u00e1\u0159\u00ed o odvaze pustit a radosti z uchov\u00e1n\u00ed. Z\u00e1\u0159\u00ed o teple a v\u0159elosti. \u2661<\/em><\/p>\n","protected":false},"featured_media":130,"template":"","meta":{"_uag_custom_page_level_css":""},"product_brand":[],"product_cat":[21],"product_tag":[],"class_list":{"0":"post-117","1":"product","2":"type-product","3":"status-publish","4":"has-post-thumbnail","6":"product_cat-naladeni-se","8":"first","9":"instock","10":"virtual","11":"sold-individually","12":"purchasable","13":"product-type-simple"},"uagb_featured_image_src":{"full":["https:\/\/melodiedomova.cz\/wp-content\/uploads\/2025\/09\/20220918163907_IMG_4672-e1758916144473.jpg",1600,2096,false],"thumbnail":["https:\/\/melodiedomova.cz\/wp-content\/uploads\/2025\/09\/20220918163907_IMG_4672-e1758916144473.jpg",115,150,false],"medium":["https:\/\/melodiedomova.cz\/wp-content\/uploads\/2025\/09\/20220918163907_IMG_4672-e1758916144473.jpg",229,300,false],"medium_large":["https:\/\/melodiedomova.cz\/wp-content\/uploads\/2025\/09\/20220918163907_IMG_4672-e1758916144473.jpg",768,1006,false],"large":["https:\/\/melodiedomova.cz\/wp-content\/uploads\/2025\/09\/20220918163907_IMG_4672-e1758916144473.jpg",382,500,false],"post-slider-thumb-size":["https:\/\/melodiedomova.cz\/wp-content\/uploads\/2025\/09\/20220918163907_IMG_4672-e1758916144473.jpg",145,190,false],"post-category-slider-size":["https:\/\/melodiedomova.cz\/wp-content\/uploads\/2025\/09\/20220918163907_IMG_4672-e1758916144473.jpg",267,350,false],"1536x1536":["https:\/\/melodiedomova.cz\/wp-content\/uploads\/2025\/09\/20220918163907_IMG_4672-e1758916144473.jpg",1173,1536,false],"2048x2048":["https:\/\/melodiedomova.cz\/wp-content\/uploads\/2025\/09\/20220918163907_IMG_4672-e1758916144473.jpg",1563,2048,false],"vilva-slider-one":["https:\/\/melodiedomova.cz\/wp-content\/uploads\/2025\/09\/20220918163907_IMG_4672-e1758916144473.jpg",458,600,false],"vilva-featured-four":["https:\/\/melodiedomova.cz\/wp-content\/uploads\/2025\/09\/20220918163907_IMG_4672-e1758916144473.jpg",405,530,false],"vilva-blog":["https:\/\/melodiedomova.cz\/wp-content\/uploads\/2025\/09\/20220918163907_IMG_4672-e1758916144473.jpg",214,280,false],"vilva-blog-one":["https:\/\/melodiedomova.cz\/wp-content\/uploads\/2025\/09\/20220918163907_IMG_4672-e1758916144473.jpg",382,500,false],"vilva-sidebar":["https:\/\/melodiedomova.cz\/wp-content\/uploads\/2025\/09\/20220918163907_IMG_4672-e1758916144473.jpg",361,473,false],"mailpoet_newsletter_max":["https:\/\/melodiedomova.cz\/wp-content\/uploads\/2025\/09\/20220918163907_IMG_4672-e1758916144473.jpg",1320,1729,false],"woocommerce_thumbnail":["https:\/\/melodiedomova.cz\/wp-content\/uploads\/2025\/09\/20220918163907_IMG_4672-e1758916144473-300x300.jpg",300,300,true],"woocommerce_single":["https:\/\/melodiedomova.cz\/wp-content\/uploads\/2025\/09\/20220918163907_IMG_4672-e1758916144473-800x1048.jpg",800,1048,true],"woocommerce_gallery_thumbnail":["https:\/\/melodiedomova.cz\/wp-content\/uploads\/2025\/09\/20220918163907_IMG_4672-e1758916144473-100x100.jpg",100,100,true]},"uagb_author_info":{"display_name":"Zuzana \u010cuhani\u010dov\u00e1","author_link":"https:\/\/melodiedomova.cz\/?author=0"},"uagb_comment_info":0,"uagb_excerpt":"Na chv\u00edli se zastavte, pus\u0165te si nahr\u00e1vku a nechte se naladit na z\u00e1\u0159\u00ed. \u266b\u266a [audio mp3=\"https:\/\/melodiedomova.cz\/wp-content\/uploads\/2025\/09\/ochutnavka-zari-new.mp3\"][\/audio] Z\u00e1\u0159\u00ed jako m\u011bs\u00edc prom\u011bny a uzemn\u011bn\u00ed. Z\u00e1\u0159\u00ed jako most mezi l\u00e9tem a podzimem. Z\u00e1\u0159\u00ed o sklizni, o n\u00e1vratu dom\u016f i k sob\u011b sam\u00fdm. Z\u00e1\u0159\u00ed o odvaze pustit a radosti z uchov\u00e1n\u00ed. Z\u00e1\u0159\u00ed o teple a v\u0159elosti. \u2661","jetpack_sharing_enabled":true,"_links":{"self":[{"href":"https:\/\/melodiedomova.cz\/index.php?rest_route=\/wp\/v2\/product\/117","targetHints":{"allow":["GET"]}}],"collection":[{"href":"https:\/\/melodiedomova.cz\/index.php?rest_route=\/wp\/v2\/product"}],"about":[{"href":"https:\/\/melodiedomova.cz\/index.php?rest_route=\/wp\/v2\/types\/product"}],"wp:featuredmedia":[{"embeddable":true,"href":"https:\/\/melodiedomova.cz\/index.php?rest_route=\/wp\/v2\/media\/130"}],"wp:attachment":[{"href":"https:\/\/melodiedomova.cz\/index.php?rest_route=%2Fwp%2Fv2%2Fmedia&parent=117"}],"wp:term":[{"taxonomy":"product_brand","embeddable":true,"href":"https:\/\/melodiedomova.cz\/index.php?rest_route=%2Fwp%2Fv2%2Fproduct_brand&post=117"},{"taxonomy":"product_cat","embeddable":true,"href":"https:\/\/melodiedomova.cz\/index.php?rest_route=%2Fwp%2Fv2%2Fproduct_cat&post=117"},{"taxonomy":"product_tag","embeddable":true,"href":"https:\/\/melodiedomova.cz\/index.php?rest_route=%2Fwp%2Fv2%2Fproduct_tag&post=117"}],"curies":[{"name":"wp","href":"https:\/\/api.w.org\/{rel}","templated":true}]}}