{"id":1780,"date":"2025-11-11T13:09:32","date_gmt":"2025-11-11T12:09:32","guid":{"rendered":"https:\/\/melodiedomova.cz\/?post_type=product&#038;p=1780"},"modified":"2026-03-17T09:25:10","modified_gmt":"2026-03-17T08:25:10","slug":"zimni-melodie","status":"publish","type":"product","link":"https:\/\/melodiedomova.cz\/?product=zimni-melodie","title":{"rendered":"Zimn\u00ed Melodie"},"content":{"rendered":"<div class=\"card__info__description\" data-v-043cbb43=\"\">\n<p>\u2744\ufe0f\u00a0Ka\u017ed\u00fd drobn\u00fd zvyk a prost\u00fd ritu\u00e1l dok\u00e1\u017ee <em>prom\u011bnit oby\u010dejnou chv\u00edli ve sv\u00e1te\u010dn\u00ed.<\/em><\/p>\n<p><strong>\u2744\ufe0f\u00a0Z\u00edsk\u00e1te p\u0159es 70 stran inspirace:<\/strong><\/p>\n<ul>\n<li>Adventn\u00ed spir\u00e1la<\/li>\n<li>Mikul\u00e1\u0161<\/li>\n<li>Pern\u00ed\u010dky<\/li>\n<li>Hv\u011bzdy na okno<\/li>\n<li>Dvan\u00e1ct v\u00e1no\u010dn\u00edch dn\u00ed<\/li>\n<li>T\u0159\u00edkr\u00e1lov\u00e1 slavnost<\/li>\n<li>Plst\u011bn\u00e1 koruna<\/li>\n<li>Hromnice<\/li>\n<li>M\u00e1slov\u00e9 su\u0161enky<\/li>\n<li>Bledulkov\u00fd zvone\u010dek<\/li>\n<\/ul>\n<p>\u2744\ufe0f\u00a0Materi\u00e1ly jsou koncipovan\u00e9 tak, aby se daly ka\u017ed\u00fd rok &#8222;recyklovat&#8220; a v\u011bci z tvo\u0159en\u00ed v\u00e1m vydr\u017e\u00ed do dal\u0161\u00edch let, tak\u017ee si jimi budete moct zdobit domov opakovan\u011b.<\/p>\n<p>\u2744\ufe0f\u00a0Nepot\u0159ebujeme stihnout v\u0161echno. D\u016fle\u017eit\u00e9 je p\u0159edev\u0161\u00edm um\u011bt se <strong>rozhl\u00ed\u017eet kolem sebe a oce\u0148ovat kr\u00e1su, kterou n\u00e1m p\u0159\u00edroda ka\u017ed\u00fd den nab\u00edz\u00ed a<\/strong> v neposledn\u00ed \u0159ad\u011b <strong>b\u00fdt spolu s milovan\u00fdmi a tvo\u0159it si spole\u010dn\u00e9 pro\u017eitky a vzpom\u00ednky. <\/strong>Melodii berte jako oporu a inspiraci k tomu p\u0159in\u00e9st si dom\u016f kr\u00e1sno, radost a zimn\u00ed kouzlo.<\/p>\n<p>&nbsp;<\/p>\n<\/div>\n","protected":false},"excerpt":{"rendered":"<h5>Nala\u010fte se s n\u00e1mi na zimu<\/h5>\n<div class=\"card__info__description\" data-v-043cbb43=\"\">\n<p>\u2744\ufe0f\u00a0Nechte se popostr\u010dit k tomu, abyste si vytv\u00e1\u0159eli <strong>mal\u00e9 sv\u00e1tky<\/strong> i v ul\u00edtan\u00e9 ka\u017edodennosti.<\/p>\n<p>\u2744\ufe0f\u00a0Melodii berte jako oporu a inspiraci k tomu <strong>p\u0159in\u00e9st si dom\u016f kr\u00e1sno, radost a zimn\u00ed kouzlo.<\/strong><\/p>\n<p>V Zimn\u00ed Melodii najdete:<\/p>\n<ul>\n<li><strong>tradice laskav\u011b pojat\u00e9 a \u017eit\u00e9<\/strong> v dne\u0161n\u00ed dob\u011b<\/li>\n<li><strong>zimn\u00ed recepty<\/strong>, kter\u00fdmi si provon\u00edte domov<\/li>\n<li>n\u00e1vody na <strong>tvo\u0159en\u00ed, jimi\u017e si v\u00e1\u0161 domov ozdob\u00edte<\/strong><\/li>\n<\/ul>\n<\/div>\n","protected":false},"featured_media":1821,"template":"","meta":{"_uag_custom_page_level_css":""},"product_brand":[],"product_cat":[32],"product_tag":[35],"class_list":{"0":"post-1780","1":"product","2":"type-product","3":"status-publish","4":"has-post-thumbnail","6":"product_cat-rocni-obdobi","7":"product_tag-zima","9":"first","10":"instock","11":"sale","12":"downloadable","13":"virtual","14":"purchasable","15":"product-type-simple"},"uagb_featured_image_src":{"full":["https:\/\/melodiedomova.cz\/wp-content\/uploads\/2025\/11\/Adventni-spirala7.jpg",1414,2000,false],"thumbnail":["https:\/\/melodiedomova.cz\/wp-content\/uploads\/2025\/11\/Adventni-spirala7-150x150.jpg",150,150,true],"medium":["https:\/\/melodiedomova.cz\/wp-content\/uploads\/2025\/11\/Adventni-spirala7-212x300.jpg",212,300,true],"medium_large":["https:\/\/melodiedomova.cz\/wp-content\/uploads\/2025\/11\/Adventni-spirala7-768x1086.jpg",768,1086,true],"large":["https:\/\/melodiedomova.cz\/wp-content\/uploads\/2025\/11\/Adventni-spirala7-354x500.jpg",354,500,true],"post-slider-thumb-size":["https:\/\/melodiedomova.cz\/wp-content\/uploads\/2025\/11\/Adventni-spirala7-330x190.jpg",330,190,true],"post-category-slider-size":["https:\/\/melodiedomova.cz\/wp-content\/uploads\/2025\/11\/Adventni-spirala7-330x350.jpg",330,350,true],"1536x1536":["https:\/\/melodiedomova.cz\/wp-content\/uploads\/2025\/11\/Adventni-spirala7-1086x1536.jpg",1086,1536,true],"2048x2048":["https:\/\/melodiedomova.cz\/wp-content\/uploads\/2025\/11\/Adventni-spirala7.jpg",1414,2000,false],"vilva-slider-one":["https:\/\/melodiedomova.cz\/wp-content\/uploads\/2025\/11\/Adventni-spirala7-1220x600.jpg",1220,600,true],"vilva-featured-four":["https:\/\/melodiedomova.cz\/wp-content\/uploads\/2025\/11\/Adventni-spirala7-800x530.jpg",800,530,true],"vilva-blog":["https:\/\/melodiedomova.cz\/wp-content\/uploads\/2025\/11\/Adventni-spirala7-420x280.jpg",420,280,true],"vilva-blog-one":["https:\/\/melodiedomova.cz\/wp-content\/uploads\/2025\/11\/Adventni-spirala7-900x500.jpg",900,500,true],"vilva-sidebar":["https:\/\/melodiedomova.cz\/wp-content\/uploads\/2025\/11\/Adventni-spirala7-840x473.jpg",840,473,true],"mailpoet_newsletter_max":["https:\/\/melodiedomova.cz\/wp-content\/uploads\/2025\/11\/Adventni-spirala7-1320x1867.jpg",1320,1867,true],"woocommerce_thumbnail":["https:\/\/melodiedomova.cz\/wp-content\/uploads\/2025\/11\/Adventni-spirala7-300x300.jpg",300,300,true],"woocommerce_single":["https:\/\/melodiedomova.cz\/wp-content\/uploads\/2025\/11\/Adventni-spirala7-800x1132.jpg",800,1132,true],"woocommerce_gallery_thumbnail":["https:\/\/melodiedomova.cz\/wp-content\/uploads\/2025\/11\/Adventni-spirala7-100x100.jpg",100,100,true]},"uagb_author_info":{"display_name":"Zuzana \u010cuhani\u010dov\u00e1","author_link":"https:\/\/melodiedomova.cz\/?author=0"},"uagb_comment_info":0,"uagb_excerpt":"Nala\u010fte se s n\u00e1mi na zimu \u2744\ufe0f\u00a0Nechte se popostr\u010dit k tomu, abyste si vytv\u00e1\u0159eli mal\u00e9 sv\u00e1tky i v ul\u00edtan\u00e9 ka\u017edodennosti. \u2744\ufe0f\u00a0Melodii berte jako oporu a inspiraci k tomu p\u0159in\u00e9st si dom\u016f kr\u00e1sno, radost a zimn\u00ed kouzlo. V Zimn\u00ed Melodii najdete: tradice laskav\u011b pojat\u00e9 a \u017eit\u00e9 v dne\u0161n\u00ed dob\u011b zimn\u00ed recepty, kter\u00fdmi si provon\u00edte domov n\u00e1vody&hellip;","jetpack_sharing_enabled":true,"_links":{"self":[{"href":"https:\/\/melodiedomova.cz\/index.php?rest_route=\/wp\/v2\/product\/1780","targetHints":{"allow":["GET"]}}],"collection":[{"href":"https:\/\/melodiedomova.cz\/index.php?rest_route=\/wp\/v2\/product"}],"about":[{"href":"https:\/\/melodiedomova.cz\/index.php?rest_route=\/wp\/v2\/types\/product"}],"wp:featuredmedia":[{"embeddable":true,"href":"https:\/\/melodiedomova.cz\/index.php?rest_route=\/wp\/v2\/media\/1821"}],"wp:attachment":[{"href":"https:\/\/melodiedomova.cz\/index.php?rest_route=%2Fwp%2Fv2%2Fmedia&parent=1780"}],"wp:term":[{"taxonomy":"product_brand","embeddable":true,"href":"https:\/\/melodiedomova.cz\/index.php?rest_route=%2Fwp%2Fv2%2Fproduct_brand&post=1780"},{"taxonomy":"product_cat","embeddable":true,"href":"https:\/\/melodiedomova.cz\/index.php?rest_route=%2Fwp%2Fv2%2Fproduct_cat&post=1780"},{"taxonomy":"product_tag","embeddable":true,"href":"https:\/\/melodiedomova.cz\/index.php?rest_route=%2Fwp%2Fv2%2Fproduct_tag&post=1780"}],"curies":[{"name":"wp","href":"https:\/\/api.w.org\/{rel}","templated":true}]}}