{"id":463,"date":"2025-10-15T12:28:55","date_gmt":"2025-10-15T10:28:55","guid":{"rendered":"https:\/\/melodiedomova.cz\/?post_type=product&#038;p=463"},"modified":"2026-04-07T13:27:09","modified_gmt":"2026-04-07T11:27:09","slug":"naladeni-se","status":"publish","type":"product","link":"https:\/\/melodiedomova.cz\/?product=naladeni-se","title":{"rendered":"Nalad\u011bn\u00ed &#8211; komplet"},"content":{"rendered":"<p>\u266b\u266a\u00a0 Nalad\u011bn\u00ed je:<\/p>\n<ul>\n<li><strong>zastaven\u00ed se<\/strong><\/li>\n<li><strong>rozj\u00edm\u00e1n\u00ed<\/strong><\/li>\n<li><strong>zamy\u0161len\u00ed v rytmu roku<\/strong><\/li>\n<\/ul>\n<p>\u266b\u266a\u00a0 C\u00edlovou skupinou jsou <strong>p\u0159edev\u0161\u00edm rodi\u010de<\/strong>, proto\u017ee je mimo jin\u00e9 o pro\u017e\u00edv\u00e1n\u00ed roku pr\u00e1v\u011b s d\u011btmi, ale z do\u0161l\u00fdch zpr\u00e1v v\u00edm, \u017ee poslouchaj\u00ed tak\u00e9 babi\u010dky a d\u011bde\u010dci i lid\u00e9, kte\u0159\u00ed d\u011bti teprve pl\u00e1nuj\u00ed.<\/p>\n<p>\u266b\u266a\u00a0 Po koupi z\u00edsk\u00e1v\u00e1te <strong>\u010dasov\u011b neomezen\u00fd p\u0159\u00edstup<\/strong> k poslechu <strong>12 audio nahr\u00e1vek<\/strong>, viz <a href=\"https:\/\/melodiedomova.cz\/?page_id=158\">VOP.<\/a><\/p>\n<p><span style=\"text-decoration: underline;\">Uk\u00e1zky jednotliv\u00fdch m\u011bs\u00edc\u016f:<\/span><\/p>\n<p>Leden (16 minut):<\/p>\n<!--[if lt IE 9]><script>document.createElement('audio');<\/script><![endif]-->\n<audio class=\"wp-audio-shortcode\" id=\"audio-463-1\" preload=\"none\" style=\"width: 100%;\" controls=\"controls\"><source type=\"audio\/mpeg\" src=\"https:\/\/melodiedomova.cz\/wp-content\/uploads\/2025\/10\/ochutnavka-leden.mp3?_=1\" \/><a href=\"https:\/\/melodiedomova.cz\/wp-content\/uploads\/2025\/10\/ochutnavka-leden.mp3\">https:\/\/melodiedomova.cz\/wp-content\/uploads\/2025\/10\/ochutnavka-leden.mp3<\/a><\/audio>\n<p>\u00danor (14 minut):<\/p>\n<audio class=\"wp-audio-shortcode\" id=\"audio-463-2\" preload=\"none\" style=\"width: 100%;\" controls=\"controls\"><source type=\"audio\/mpeg\" src=\"https:\/\/melodiedomova.cz\/wp-content\/uploads\/2025\/10\/ochutnavka-unor.mp3?_=2\" \/><a href=\"https:\/\/melodiedomova.cz\/wp-content\/uploads\/2025\/10\/ochutnavka-unor.mp3\">https:\/\/melodiedomova.cz\/wp-content\/uploads\/2025\/10\/ochutnavka-unor.mp3<\/a><\/audio>\n<p>B\u0159ezen (17 minut):<\/p>\n<audio class=\"wp-audio-shortcode\" id=\"audio-463-3\" preload=\"none\" style=\"width: 100%;\" controls=\"controls\"><source type=\"audio\/mpeg\" src=\"https:\/\/melodiedomova.cz\/wp-content\/uploads\/2025\/10\/ochutnavka-brezen.mp3?_=3\" \/><a href=\"https:\/\/melodiedomova.cz\/wp-content\/uploads\/2025\/10\/ochutnavka-brezen.mp3\">https:\/\/melodiedomova.cz\/wp-content\/uploads\/2025\/10\/ochutnavka-brezen.mp3<\/a><\/audio>\n<p>Duben (17 minut):<\/p>\n<audio class=\"wp-audio-shortcode\" id=\"audio-463-4\" preload=\"none\" style=\"width: 100%;\" controls=\"controls\"><source type=\"audio\/mpeg\" src=\"https:\/\/melodiedomova.cz\/wp-content\/uploads\/2025\/10\/ochutnavka-duben.mp3?_=4\" \/><a href=\"https:\/\/melodiedomova.cz\/wp-content\/uploads\/2025\/10\/ochutnavka-duben.mp3\">https:\/\/melodiedomova.cz\/wp-content\/uploads\/2025\/10\/ochutnavka-duben.mp3<\/a><\/audio>\n<p>Kv\u011bten (16 minut):<\/p>\n<audio class=\"wp-audio-shortcode\" id=\"audio-463-5\" preload=\"none\" style=\"width: 100%;\" controls=\"controls\"><source type=\"audio\/mpeg\" src=\"https:\/\/melodiedomova.cz\/wp-content\/uploads\/2025\/10\/ochutnavka-kveten.mp3?_=5\" \/><a href=\"https:\/\/melodiedomova.cz\/wp-content\/uploads\/2025\/10\/ochutnavka-kveten.mp3\">https:\/\/melodiedomova.cz\/wp-content\/uploads\/2025\/10\/ochutnavka-kveten.mp3<\/a><\/audio>\n<p>\u010cerven (13 minut):<\/p>\n<audio class=\"wp-audio-shortcode\" id=\"audio-463-6\" preload=\"none\" style=\"width: 100%;\" controls=\"controls\"><source type=\"audio\/mpeg\" src=\"https:\/\/melodiedomova.cz\/wp-content\/uploads\/2025\/10\/ochutnavka-cerven.mp3?_=6\" \/><a href=\"https:\/\/melodiedomova.cz\/wp-content\/uploads\/2025\/10\/ochutnavka-cerven.mp3\">https:\/\/melodiedomova.cz\/wp-content\/uploads\/2025\/10\/ochutnavka-cerven.mp3<\/a><\/audio>\n<p>\u010cervenec (12 minut):<\/p>\n<audio class=\"wp-audio-shortcode\" id=\"audio-463-7\" preload=\"none\" style=\"width: 100%;\" controls=\"controls\"><source type=\"audio\/mpeg\" src=\"https:\/\/melodiedomova.cz\/wp-content\/uploads\/2025\/10\/ochutnavka-cervenec.mp3?_=7\" \/><a href=\"https:\/\/melodiedomova.cz\/wp-content\/uploads\/2025\/10\/ochutnavka-cervenec.mp3\">https:\/\/melodiedomova.cz\/wp-content\/uploads\/2025\/10\/ochutnavka-cervenec.mp3<\/a><\/audio>\n<p>Srpen (11 minut):<\/p>\n<audio class=\"wp-audio-shortcode\" id=\"audio-463-8\" preload=\"none\" style=\"width: 100%;\" controls=\"controls\"><source type=\"audio\/mpeg\" src=\"https:\/\/melodiedomova.cz\/wp-content\/uploads\/2025\/10\/ochutnavka-srpen.mp3?_=8\" \/><a href=\"https:\/\/melodiedomova.cz\/wp-content\/uploads\/2025\/10\/ochutnavka-srpen.mp3\">https:\/\/melodiedomova.cz\/wp-content\/uploads\/2025\/10\/ochutnavka-srpen.mp3<\/a><\/audio>\n<p>Z\u00e1\u0159\u00ed (14 minut):<\/p>\n<audio class=\"wp-audio-shortcode\" id=\"audio-463-9\" preload=\"none\" style=\"width: 100%;\" controls=\"controls\"><source type=\"audio\/mpeg\" src=\"https:\/\/melodiedomova.cz\/wp-content\/uploads\/2025\/09\/ochutnavka-zari-new.mp3?_=9\" \/><a href=\"https:\/\/melodiedomova.cz\/wp-content\/uploads\/2025\/09\/ochutnavka-zari-new.mp3\">https:\/\/melodiedomova.cz\/wp-content\/uploads\/2025\/09\/ochutnavka-zari-new.mp3<\/a><\/audio>\n<p>\u0158\u00edjen (18 minut):<\/p>\n<audio class=\"wp-audio-shortcode\" id=\"audio-463-10\" preload=\"none\" style=\"width: 100%;\" controls=\"controls\"><source type=\"audio\/mpeg\" src=\"https:\/\/melodiedomova.cz\/wp-content\/uploads\/2025\/10\/ochutnavka-rijen.mp3?_=10\" \/><a href=\"https:\/\/melodiedomova.cz\/wp-content\/uploads\/2025\/10\/ochutnavka-rijen.mp3\">https:\/\/melodiedomova.cz\/wp-content\/uploads\/2025\/10\/ochutnavka-rijen.mp3<\/a><\/audio>\n<p>Listopad (17 minut):<\/p>\n<audio class=\"wp-audio-shortcode\" id=\"audio-463-11\" preload=\"none\" style=\"width: 100%;\" controls=\"controls\"><source type=\"audio\/mpeg\" src=\"https:\/\/melodiedomova.cz\/wp-content\/uploads\/2025\/10\/ochutnavka-listopad.mp3?_=11\" \/><a href=\"https:\/\/melodiedomova.cz\/wp-content\/uploads\/2025\/10\/ochutnavka-listopad.mp3\">https:\/\/melodiedomova.cz\/wp-content\/uploads\/2025\/10\/ochutnavka-listopad.mp3<\/a><\/audio>\n<p>Prosinec (20 minut):<\/p>\n<audio class=\"wp-audio-shortcode\" id=\"audio-463-12\" preload=\"none\" style=\"width: 100%;\" controls=\"controls\"><source type=\"audio\/mpeg\" src=\"https:\/\/melodiedomova.cz\/wp-content\/uploads\/2025\/10\/ochutnavka-Prosinec-finalni.mp3?_=12\" \/><a href=\"https:\/\/melodiedomova.cz\/wp-content\/uploads\/2025\/10\/ochutnavka-Prosinec-finalni.mp3\">https:\/\/melodiedomova.cz\/wp-content\/uploads\/2025\/10\/ochutnavka-Prosinec-finalni.mp3<\/a><\/audio>\n","protected":false},"excerpt":{"rendered":"<p>\u2661 Audio knihovna, kter\u00e1 v\u00e1s provede cel\u00fdm rokem.<\/p>\n<p><em>Na chv\u00edli se zastavte, pus\u0165te si nahr\u00e1vky a nechte se naladit na rytmus roku. \u266b\u266a <\/em><\/p>\n<p>N\u00ed\u017ee jsou v\u0161echny audio ochutn\u00e1vky ze v\u0161ech m\u011bs\u00edc\u016f. \u2935\ufe0e<\/p>\n","protected":false},"featured_media":468,"template":"","meta":{"_uag_custom_page_level_css":""},"product_brand":[],"product_cat":[21],"product_tag":[],"class_list":{"0":"post-463","1":"product","2":"type-product","3":"status-publish","4":"has-post-thumbnail","6":"product_cat-naladeni-se","8":"first","9":"instock","10":"sale","11":"virtual","12":"sold-individually","13":"purchasable","14":"product-type-simple"},"uagb_featured_image_src":{"full":["https:\/\/melodiedomova.cz\/wp-content\/uploads\/2025\/10\/PRINES-SI-DOMU-podzim11.jpg",1080,1080,false],"thumbnail":["https:\/\/melodiedomova.cz\/wp-content\/uploads\/2025\/10\/PRINES-SI-DOMU-podzim11.jpg",150,150,false],"medium":["https:\/\/melodiedomova.cz\/wp-content\/uploads\/2025\/10\/PRINES-SI-DOMU-podzim11.jpg",300,300,false],"medium_large":["https:\/\/melodiedomova.cz\/wp-content\/uploads\/2025\/10\/PRINES-SI-DOMU-podzim11.jpg",768,768,false],"large":["https:\/\/melodiedomova.cz\/wp-content\/uploads\/2025\/10\/PRINES-SI-DOMU-podzim11.jpg",500,500,false],"post-slider-thumb-size":["https:\/\/melodiedomova.cz\/wp-content\/uploads\/2025\/10\/PRINES-SI-DOMU-podzim11.jpg",190,190,false],"post-category-slider-size":["https:\/\/melodiedomova.cz\/wp-content\/uploads\/2025\/10\/PRINES-SI-DOMU-podzim11.jpg",330,330,false],"1536x1536":["https:\/\/melodiedomova.cz\/wp-content\/uploads\/2025\/10\/PRINES-SI-DOMU-podzim11.jpg",1080,1080,false],"2048x2048":["https:\/\/melodiedomova.cz\/wp-content\/uploads\/2025\/10\/PRINES-SI-DOMU-podzim11.jpg",1080,1080,false],"vilva-slider-one":["https:\/\/melodiedomova.cz\/wp-content\/uploads\/2025\/10\/PRINES-SI-DOMU-podzim11.jpg",600,600,false],"vilva-featured-four":["https:\/\/melodiedomova.cz\/wp-content\/uploads\/2025\/10\/PRINES-SI-DOMU-podzim11.jpg",530,530,false],"vilva-blog":["https:\/\/melodiedomova.cz\/wp-content\/uploads\/2025\/10\/PRINES-SI-DOMU-podzim11.jpg",280,280,false],"vilva-blog-one":["https:\/\/melodiedomova.cz\/wp-content\/uploads\/2025\/10\/PRINES-SI-DOMU-podzim11.jpg",500,500,false],"vilva-sidebar":["https:\/\/melodiedomova.cz\/wp-content\/uploads\/2025\/10\/PRINES-SI-DOMU-podzim11.jpg",473,473,false],"mailpoet_newsletter_max":["https:\/\/melodiedomova.cz\/wp-content\/uploads\/2025\/10\/PRINES-SI-DOMU-podzim11.jpg",1080,1080,false],"woocommerce_thumbnail":["https:\/\/melodiedomova.cz\/wp-content\/uploads\/2025\/10\/PRINES-SI-DOMU-podzim11-300x300.jpg",300,300,true],"woocommerce_single":["https:\/\/melodiedomova.cz\/wp-content\/uploads\/2025\/10\/PRINES-SI-DOMU-podzim11-800x800.jpg",800,800,true],"woocommerce_gallery_thumbnail":["https:\/\/melodiedomova.cz\/wp-content\/uploads\/2025\/10\/PRINES-SI-DOMU-podzim11-100x100.jpg",100,100,true]},"uagb_author_info":{"display_name":"Zuzana \u010cuhani\u010dov\u00e1","author_link":"https:\/\/melodiedomova.cz\/?author=0"},"uagb_comment_info":0,"uagb_excerpt":"\u2661 Audio knihovna, kter\u00e1 v\u00e1s provede cel\u00fdm rokem. Na chv\u00edli se zastavte, pus\u0165te si nahr\u00e1vky a nechte se naladit na rytmus roku. \u266b\u266a N\u00ed\u017ee jsou v\u0161echny audio ochutn\u00e1vky ze v\u0161ech m\u011bs\u00edc\u016f. \u2935\ufe0e","jetpack_sharing_enabled":true,"_links":{"self":[{"href":"https:\/\/melodiedomova.cz\/index.php?rest_route=\/wp\/v2\/product\/463","targetHints":{"allow":["GET"]}}],"collection":[{"href":"https:\/\/melodiedomova.cz\/index.php?rest_route=\/wp\/v2\/product"}],"about":[{"href":"https:\/\/melodiedomova.cz\/index.php?rest_route=\/wp\/v2\/types\/product"}],"wp:featuredmedia":[{"embeddable":true,"href":"https:\/\/melodiedomova.cz\/index.php?rest_route=\/wp\/v2\/media\/468"}],"wp:attachment":[{"href":"https:\/\/melodiedomova.cz\/index.php?rest_route=%2Fwp%2Fv2%2Fmedia&parent=463"}],"wp:term":[{"taxonomy":"product_brand","embeddable":true,"href":"https:\/\/melodiedomova.cz\/index.php?rest_route=%2Fwp%2Fv2%2Fproduct_brand&post=463"},{"taxonomy":"product_cat","embeddable":true,"href":"https:\/\/melodiedomova.cz\/index.php?rest_route=%2Fwp%2Fv2%2Fproduct_cat&post=463"},{"taxonomy":"product_tag","embeddable":true,"href":"https:\/\/melodiedomova.cz\/index.php?rest_route=%2Fwp%2Fv2%2Fproduct_tag&post=463"}],"curies":[{"name":"wp","href":"https:\/\/api.w.org\/{rel}","templated":true}]}}