{"id":973,"date":"2025-10-24T17:13:01","date_gmt":"2025-10-24T15:13:01","guid":{"rendered":"https:\/\/melodiedomova.cz\/?post_type=product&#038;p=973"},"modified":"2026-03-19T08:56:54","modified_gmt":"2026-03-19T07:56:54","slug":"malovani-na-chleb","status":"publish","type":"product","link":"https:\/\/melodiedomova.cz\/?product=malovani-na-chleb","title":{"rendered":"Malov\u00e1n\u00ed na chl\u00e9b"},"content":{"rendered":"<p><strong>Z\u00edsk\u00e1te:<\/strong><\/p>\n<ul>\n<li><strong>univerz\u00e1ln\u00ed recept,<\/strong> kter\u00fd je otestovan\u00fd v des\u00edtk\u00e1ch dom\u00e1cnostech<\/li>\n<li><strong>42 stran<\/strong> ve form\u00e1tu Pdf &#8211; <strong>pln\u00fdch rad, fotografi\u00ed, zku\u0161enost\u00ed a inspirace<\/strong>, v\u010detn\u011b \u0161ablony<\/li>\n<\/ul>\n<h3 data-start=\"1346\" data-end=\"1371\">Pro koho e-book je:<\/h3>\n<ul data-start=\"1372\" data-end=\"1630\">\n<li data-start=\"1372\" data-end=\"1433\">\n<p data-start=\"1374\" data-end=\"1433\">Pro ty, kdo se cht\u011bj\u00ed nau\u010dit <strong>jednoduch\u00fd recept, kter\u00fd je udr\u017eiteln\u00fd i v b\u011b\u017en\u00e9m tempu pracovn\u00edch dn\u00ed. <\/strong><\/p>\n<\/li>\n<li data-start=\"1372\" data-end=\"1433\">\n<p data-start=\"1374\" data-end=\"1433\">Pro ty, kte\u0159\u00ed cht\u011bj\u00ed m\u00edt dobr\u00fd dom\u00e1c\u00ed chl\u00e9b, jeho\u017e <strong>p\u0159\u00edprava zabere 15 minut<\/strong> \u010dist\u00e9ho \u010dasu v kuchyni. (Kdy\u017e po\u010d\u00edt\u00e1me, \u017ee kyne a pe\u010de se s\u00e1m, bez nutnosti u n\u011bj b\u00fdt.)<\/p>\n<\/li>\n<li data-start=\"1434\" data-end=\"1497\">\n<p data-start=\"1436\" data-end=\"1497\">Pro ty, kdo hledaj\u00ed <strong data-start=\"1456\" data-end=\"1494\">pro\u017eitek v ka\u017edodennosti<\/strong>.<\/p>\n<\/li>\n<li data-start=\"1498\" data-end=\"1569\">\n<p data-start=\"1500\" data-end=\"1569\">Pro <strong>\u00fapln\u00e9 za\u010d\u00e1te\u010dn\u00edky,<\/strong> kte\u0159\u00ed se cht\u011bj\u00ed nau\u010dit p\u00e9ct i pro<strong> pokro\u010dil\u00e9 peka\u0159e<\/strong>, kte\u0159\u00ed se cht\u011bj\u00ed nau\u010dit malovat na chl\u00e9b.<\/p>\n<\/li>\n<li data-start=\"1570\" data-end=\"1630\">\n<p data-start=\"1572\" data-end=\"1630\">Pro ka\u017ed\u00e9ho, kdo v\u00ed, \u017ee <strong>oby\u010dejn\u00e9, jednoduch\u00e9 a opakuj\u00edc\u00ed se v\u011bci p\u0159in\u00e1\u0161\u00ed do \u017eivota n\u011bco velmi cenn\u00e9ho.<\/strong><\/p>\n<\/li>\n<\/ul>\n","protected":false},"excerpt":{"rendered":"<p>Manu\u00e1l, kter\u00fd V\u00e1s za cenu dvou kvasov\u00fdch chleb\u016f z Vinohrad <strong>nau\u010d\u00ed p\u00e9ct si v\u00fdborn\u00fd chl\u00e9b doma i v ul\u00edtan\u00e9 ka\u017edodennosti.\u00a0<\/strong><\/p>\n<p data-start=\"856\" data-end=\"883\"><strong>Co v e-booku najdete:<\/strong><\/p>\n<ul data-start=\"884\" data-end=\"1339\">\n<li data-start=\"884\" data-end=\"954\">\n<p data-start=\"886\" data-end=\"954\">Osv\u011bd\u010den\u00fd <strong data-start=\"896\" data-end=\"923\">recept na kvasov\u00fd chl\u00e9b<\/strong>, kter\u00fd zvl\u00e1dne i za\u010d\u00e1te\u010dn\u00edk.<\/p>\n<\/li>\n<li data-start=\"955\" data-end=\"1041\">\n<p data-start=\"957\" data-end=\"1041\"><strong data-start=\"957\" data-end=\"980\">Vylep\u0161ov\u00e1ky a triky<\/strong> \u2013 jak si pe\u010den\u00ed zjednodu\u0161it, a p\u0159itom m\u00edt kr\u00e1sn\u00fd v\u00fdsledek.<\/p>\n<\/li>\n<li data-start=\"1042\" data-end=\"1100\">\n<p data-start=\"1044\" data-end=\"1100\"><strong data-start=\"1044\" data-end=\"1068\">Nej\u010dast\u011bj\u0161\u00ed z\u00e1drhele<\/strong> \u2013 a jak se s nimi vypo\u0159\u00e1dat (p\u0159\u00edli\u0161 lepkav\u00e9 t\u011bsto? v lednici nekyne? nen\u00ed nad\u00fdchan\u00fd?&#8230;)<\/p>\n<\/li>\n<li data-start=\"1101\" data-end=\"1178\">\n<p data-start=\"1103\" data-end=\"1178\"><strong data-start=\"1103\" data-end=\"1128\">Malov\u00e1n\u00ed a vy\u0159ez\u00e1v\u00e1n\u00ed<\/strong> \u2013 nau\u010d\u00edte se, jak si chl\u00e9b sez\u00f3nn\u011b vyzdobit.<\/p>\n<\/li>\n<li data-start=\"1179\" data-end=\"1253\">\n<p data-start=\"1181\" data-end=\"1253\"><strong data-start=\"1181\" data-end=\"1202\">Pov\u00edd\u00e1n\u00ed o chlebu<\/strong> \u2013 o radosti, pro\u017eitku a poko\u0159e, kter\u00e9 pe\u010den\u00ed chleba p\u0159in\u00e1\u0161\u00ed.<\/p>\n<\/li>\n<li data-start=\"1254\" data-end=\"1339\">\n<p data-start=\"1256\" data-end=\"1339\">A tak\u00e9 <strong data-start=\"1263\" data-end=\"1299\">b\u00e1sn\u011b a p\u00edsn\u011b<\/strong> \u2013 pro chv\u00edle s d\u011btmi.<\/p>\n<\/li>\n<\/ul>\n","protected":false},"featured_media":1018,"template":"","meta":{"_uag_custom_page_level_css":""},"product_brand":[],"product_cat":[27],"product_tag":[35],"class_list":{"0":"post-973","1":"product","2":"type-product","3":"status-publish","4":"has-post-thumbnail","6":"product_cat-chleb","7":"product_tag-zima","9":"first","10":"instock","11":"sale","12":"downloadable","13":"virtual","14":"purchasable","15":"product-type-simple"},"uagb_featured_image_src":{"full":["https:\/\/melodiedomova.cz\/wp-content\/uploads\/2025\/10\/IMG_5019-1-scaled.jpg",1706,2560,false],"thumbnail":["https:\/\/melodiedomova.cz\/wp-content\/uploads\/2025\/10\/IMG_5019-1-150x150.jpg",150,150,true],"medium":["https:\/\/melodiedomova.cz\/wp-content\/uploads\/2025\/10\/IMG_5019-1-200x300.jpg",200,300,true],"medium_large":["https:\/\/melodiedomova.cz\/wp-content\/uploads\/2025\/10\/IMG_5019-1-768x1152.jpg",768,1152,true],"large":["https:\/\/melodiedomova.cz\/wp-content\/uploads\/2025\/10\/IMG_5019-1-333x500.jpg",333,500,true],"post-slider-thumb-size":["https:\/\/melodiedomova.cz\/wp-content\/uploads\/2025\/10\/IMG_5019-1-330x190.jpg",330,190,true],"post-category-slider-size":["https:\/\/melodiedomova.cz\/wp-content\/uploads\/2025\/10\/IMG_5019-1-330x350.jpg",330,350,true],"1536x1536":["https:\/\/melodiedomova.cz\/wp-content\/uploads\/2025\/10\/IMG_5019-1-1024x1536.jpg",1024,1536,true],"2048x2048":["https:\/\/melodiedomova.cz\/wp-content\/uploads\/2025\/10\/IMG_5019-1-1365x2048.jpg",1365,2048,true],"vilva-slider-one":["https:\/\/melodiedomova.cz\/wp-content\/uploads\/2025\/10\/IMG_5019-1-1220x600.jpg",1220,600,true],"vilva-featured-four":["https:\/\/melodiedomova.cz\/wp-content\/uploads\/2025\/10\/IMG_5019-1-800x530.jpg",800,530,true],"vilva-blog":["https:\/\/melodiedomova.cz\/wp-content\/uploads\/2025\/10\/IMG_5019-1-420x280.jpg",420,280,true],"vilva-blog-one":["https:\/\/melodiedomova.cz\/wp-content\/uploads\/2025\/10\/IMG_5019-1-900x500.jpg",900,500,true],"vilva-sidebar":["https:\/\/melodiedomova.cz\/wp-content\/uploads\/2025\/10\/IMG_5019-1-840x473.jpg",840,473,true],"mailpoet_newsletter_max":["https:\/\/melodiedomova.cz\/wp-content\/uploads\/2025\/10\/IMG_5019-1-1320x1980.jpg",1320,1980,true],"woocommerce_thumbnail":["https:\/\/melodiedomova.cz\/wp-content\/uploads\/2025\/10\/IMG_5019-1-scaled-300x300.jpg",300,300,true],"woocommerce_single":["https:\/\/melodiedomova.cz\/wp-content\/uploads\/2025\/10\/IMG_5019-1-scaled-800x1200.jpg",800,1200,true],"woocommerce_gallery_thumbnail":["https:\/\/melodiedomova.cz\/wp-content\/uploads\/2025\/10\/IMG_5019-1-scaled-100x100.jpg",100,100,true]},"uagb_author_info":{"display_name":"Zuzana \u010cuhani\u010dov\u00e1","author_link":"https:\/\/melodiedomova.cz\/?author=0"},"uagb_comment_info":0,"uagb_excerpt":"Manu\u00e1l, kter\u00fd V\u00e1s za cenu dvou kvasov\u00fdch chleb\u016f z Vinohrad nau\u010d\u00ed p\u00e9ct si v\u00fdborn\u00fd chl\u00e9b doma i v ul\u00edtan\u00e9 ka\u017edodennosti.\u00a0 Co v e-booku najdete: Osv\u011bd\u010den\u00fd recept na kvasov\u00fd chl\u00e9b, kter\u00fd zvl\u00e1dne i za\u010d\u00e1te\u010dn\u00edk. Vylep\u0161ov\u00e1ky a triky \u2013 jak si pe\u010den\u00ed zjednodu\u0161it, a p\u0159itom m\u00edt kr\u00e1sn\u00fd v\u00fdsledek. Nej\u010dast\u011bj\u0161\u00ed z\u00e1drhele \u2013 a jak se s nimi vypo\u0159\u00e1dat&hellip;","jetpack_sharing_enabled":true,"_links":{"self":[{"href":"https:\/\/melodiedomova.cz\/index.php?rest_route=\/wp\/v2\/product\/973","targetHints":{"allow":["GET"]}}],"collection":[{"href":"https:\/\/melodiedomova.cz\/index.php?rest_route=\/wp\/v2\/product"}],"about":[{"href":"https:\/\/melodiedomova.cz\/index.php?rest_route=\/wp\/v2\/types\/product"}],"wp:featuredmedia":[{"embeddable":true,"href":"https:\/\/melodiedomova.cz\/index.php?rest_route=\/wp\/v2\/media\/1018"}],"wp:attachment":[{"href":"https:\/\/melodiedomova.cz\/index.php?rest_route=%2Fwp%2Fv2%2Fmedia&parent=973"}],"wp:term":[{"taxonomy":"product_brand","embeddable":true,"href":"https:\/\/melodiedomova.cz\/index.php?rest_route=%2Fwp%2Fv2%2Fproduct_brand&post=973"},{"taxonomy":"product_cat","embeddable":true,"href":"https:\/\/melodiedomova.cz\/index.php?rest_route=%2Fwp%2Fv2%2Fproduct_cat&post=973"},{"taxonomy":"product_tag","embeddable":true,"href":"https:\/\/melodiedomova.cz\/index.php?rest_route=%2Fwp%2Fv2%2Fproduct_tag&post=973"}],"curies":[{"name":"wp","href":"https:\/\/api.w.org\/{rel}","templated":true}]}}